{"id":1002,"date":"2024-08-08T11:19:56","date_gmt":"2024-08-08T02:19:56","guid":{"rendered":"https:\/\/kccfr.jp\/vn\/?page_id=1002"},"modified":"2025-06-24T11:45:26","modified_gmt":"2025-06-24T02:45:26","slug":"publications","status":"publish","type":"page","link":"https:\/\/kccfr.jp\/vn\/publications\/","title":{"rendered":"\u1ea4n ph\u1ea9m Kocoforre"},"content":{"rendered":"<h3 class=\"style3b\" style=\"border-top-color: #000000\">H\u01b0\u1edbng d\u1eabn Kocoforre<\/h3>\n<div class=\"post_row\">\n<div class=\"post_col post_col-2\"><img loading=\"lazy\" decoding=\"async\" class=\"size-full wp-image-3896 alignnone\" src=\"https:\/\/kccfr.jp\/wp-content\/uploads\/2023\/11\/04069883d8772d3d1feb71faa7880dc6.jpg\" alt=\"\" width=\"841\" height=\"595\" \/><\/div>\n<div class=\"post_col post_col-2\">\n<ul>\n<li><a href=\"https:\/\/kccfr.jp\/wp-content\/uploads\/2023\/11\/2172ac4f4e4386fd9765eac86689a42c.pdf\" target=\"_blank\" rel=\"noopener\">H\u01b0\u1edbng d\u1eabn Kocoforre B\u1ea3n ti\u1ebfng Nh\u1eadt\uff08PDF\uff09<\/a><\/li>\n<li><a href=\"https:\/\/kccfr.jp\/wp-content\/uploads\/2023\/11\/eb96fd6cdb478cdad01387afef01862a.pdf\" target=\"_blank\" rel=\"noopener\">H\u01b0\u1edbng d\u1eabn Kocoforre B\u1ea3n ti\u1ebfng Anh\uff08PDF\uff09<\/a><\/li>\n<li><a href=\"https:\/\/kccfr.jp\/wp-content\/uploads\/2023\/11\/e47fa193c0022c32800b1abd8b305bea.pdf\" target=\"_blank\" rel=\"noopener\">H\u01b0\u1edbng d\u1eabn Kocoforre B\u1ea3n ti\u1ebfng Trung\uff08PDF\uff09<\/a><\/li>\n<li><a href=\"https:\/\/kccfr.jp\/wp-content\/uploads\/2023\/11\/c98e8816457e54919ca951af2ca4076a.pdf\" target=\"_blank\" rel=\"noopener\">H\u01b0\u1edbng d\u1eabn Kocoforre B\u1ea3n ti\u1ebfng H\u00e0n\uff08PDF\uff09<\/a><\/li>\n<li><a href=\"https:\/\/kccfr.jp\/wp-content\/uploads\/2023\/11\/423588632bc73eb0883a5d77d9dd739a.pdf\" target=\"_blank\" rel=\"noopener\">H\u01b0\u1edbng d\u1eabn Kocoforre B\u1ea3n ti\u1ebfng Indonesia\uff08PDF\uff09<\/a><\/li>\n<li><a href=\"https:\/\/kccfr.jp\/wp-content\/uploads\/2023\/11\/6ccf0066c31487eee7220944f8f49cac.pdf\" target=\"_blank\" rel=\"noopener\">H\u01b0\u1edbng d\u1eabn Kocoforre B\u1ea3n ti\u1ebfng Vi\u1ec7t\uff08PDF\uff09<\/a><\/li>\n<\/ul>\n<\/div>\n<\/div>\n<h3 class=\"style3b\" style=\"border-top-color: #000000\">Tin T\u1ee9c Kocoforre<\/h3>\n<div class=\"post_row\">\n<div class=\"post_col post_col-2\"><img loading=\"lazy\" decoding=\"async\" class=\"size-full wp-image-3897 alignnone\" src=\"https:\/\/kccfr.jp\/wp-content\/uploads\/2023\/11\/123caf863c8d041be4522f7716e05c0b.jpg\" alt=\"\" width=\"1190\" height=\"841\" \/><\/div>\n<div class=\"post_col post_col-2\">\n<ul>\n<li><a href=\"https:\/\/kccfr.jp\/wp-content\/uploads\/2023\/11\/24c1c4bd9b32cac011528bddfe02efe7.pdf\" target=\"_blank\" rel=\"noopener\">Tin T\u1ee9c Kocoforre s\u1ed1 1 B\u1ea3n ti\u1ebfng Nh\u1eadt\uff08PDF\uff09<\/a><\/li>\n<li><strong>&#8220;Tin T\u1ee9c Kocoforre S\u1ed1 2 B\u1ea3n ti\u1ebfng Nh\u1eadt &#8220;\u0110\u01b0\u1eddng d\u00e2y t\u01b0 v\u1ea5n \u0111a ng\u00f4n ng\u1eef&#8221;, &#8220;T\u00ecnh h\u00ecnh t\u01b0 v\u1ea5n c\u1ee7a Kocoforre&#8221;<\/strong><br \/>\n<a href=\"https:\/\/kccfr.jp\/wp-content\/uploads\/2023\/11\/8875c94c2a51b798894bbb3a1fc1f59c.pdf\" target=\"_blank\" rel=\"noopener\">B\u1ea3n ti\u1ebfng Nh\u1eadt(PDF)<\/a>\uff5c<a href=\"https:\/\/kccfr.jp\/vn\/wp-content\/uploads\/sites\/6\/2025\/02\/c4993924c5dc8633fda925dba78bb091.pdf\" target=\"_blank\" rel=\"noopener\">B\u1ea3n ti\u1ebfng Vi\u1ec7t(PDF)<\/a><\/li>\n<li><strong>Tin T\u1ee9c Kocoforre S\u1ed1 3 &#8220;V\u1ec1 t\u01b0 c\u00e1ch l\u01b0u tr\u00fa&#8221;<\/strong><br \/>\n<a href=\"https:\/\/kccfr.jp\/wp-content\/uploads\/2023\/11\/e1e01a0b2b0d0a683408ef5a5d05b4a0.pdf\" target=\"_blank\" rel=\"noopener\">B\u1ea3n ti\u1ebfng Nh\u1eadt(PDF)<\/a>\uff5c<a href=\"https:\/\/kccfr.jp\/vn\/wp-content\/uploads\/sites\/6\/2025\/02\/71784a5e092cd182aed65d2697bf5ede.pdf\" target=\"_blank\" rel=\"noopener\">B\u1ea3n ti\u1ebfng Vi\u1ec7t(PDF)<\/a><\/li>\n<li><strong><strong>&#8220;Tin T\u1ee9c Kocoforre S\u1ed1 4 &#8221; <b style=\"font-size: 14px\">CHUY\u1ec2N \u0110\u1ed4I B\u1eb0NG L\u00c1I XE DO N\u01af\u1edaC NGO\u00c0I C\u1ea4P<\/b><strong style=\"font-size: 14px\">&#8220;<\/strong><br \/>\n<\/strong><\/strong><a href=\"https:\/\/kccfr.jp\/vn\/wp-content\/uploads\/sites\/6\/2025\/02\/499332f5c69e67987d37df67d6596493.pdf\" target=\"_blank\" rel=\"noopener\">B\u1ea3n ti\u1ebfng Nh\u1eadt(PDF)<\/a>\uff5c<a href=\"https:\/\/kccfr.jp\/vn\/wp-content\/uploads\/sites\/6\/2025\/02\/73e963b570eb614dd2eeb255898e2919.pdf\" target=\"_blank\" rel=\"noopener\">B\u1ea3n ti\u1ebfng Vi\u1ec7t(PDF)<\/a><\/li>\n<li><strong><strong>Tin T\u1ee9c Kocoforre S\u1ed1 5 &#8220;<b style=\"font-size: 14px\">C\u1ea4P PH\u00c9P V\u0128NH TR\u00da<\/b><strong style=\"font-size: 14px\">&#8220;<\/strong><br \/>\n<\/strong><\/strong><a href=\"https:\/\/kccfr.jp\/vn\/wp-content\/uploads\/sites\/6\/2025\/02\/29c29174a90d7e3b1b0bd62c2b49aea4.pdf\" target=\"_blank\" rel=\"noopener\">B\u1ea3n ti\u1ebfng Nh\u1eadt(PDF)<\/a>\uff5c<a href=\"https:\/\/kccfr.jp\/vn\/wp-content\/uploads\/sites\/6\/2025\/02\/282a2c6620bd751d6d8b673ce05dde6a.pdf\" target=\"_blank\" rel=\"noopener\">B\u1ea3n ti\u1ebfng Vi\u1ec7t(PDF)<\/a><\/li>\n<li><strong><strong>&#8220;Tin T\u1ee9c Kocoforre S\u1ed1 6 &#8220;<b style=\"font-size: 14px\">NH\u1eeeNG L\u01afU \u00dd KHI THU\u00ca NH\u00c0<\/b><strong style=\"font-size: 14px\">&#8220;<\/strong><br \/>\n<\/strong><\/strong><a href=\"https:\/\/kccfr.jp\/vn\/wp-content\/uploads\/sites\/6\/2025\/02\/310160b9e9a2c104bcbe302c300c0c7c.pdf\" target=\"_blank\" rel=\"noopener\">B\u1ea3n ti\u1ebfng Nh\u1eadt(PDF)<\/a>\uff5c<a href=\"https:\/\/kccfr.jp\/vn\/wp-content\/uploads\/sites\/6\/2025\/02\/9469d2b345be32025157cea589602a5d.pdf\" target=\"_blank\" rel=\"noopener\">B\u1ea3n ti\u1ebfng Vi\u1ec7t(PDF)<\/a><\/li>\n<li><strong><strong>Tin T\u1ee9c Kocoforre S\u1ed1 7\u00a0 &#8220;<b style=\"font-size: 14px\">V\u1ec0 MANG THAI V\u00c0 SINH CON<\/b><strong style=\"font-size: 14px\">&#8220;<\/strong><br \/>\n<\/strong><\/strong><a href=\"https:\/\/kccfr.jp\/vn\/wp-content\/uploads\/sites\/6\/2025\/02\/0100b07d55aa1090e415122eba106247.pdf\" target=\"_blank\" rel=\"noopener\">B\u1ea3n ti\u1ebfng Nh\u1eadt(PDF)<\/a>\uff5c<a href=\"https:\/\/kccfr.jp\/vn\/wp-content\/uploads\/sites\/6\/2025\/02\/95e1c95c133e9d8a491aee2fff931edf.pdf\" target=\"_blank\" rel=\"noopener\">B\u1ea3n ti\u1ebfng Vi\u1ec7t(PDF)<\/a><\/li>\n<li><strong>Tin T\u1ee9c Kocoforre S\u1ed1 8\u00a0 &#8220;T\u00ecm ki\u1ebfm vi\u1ec7c l\u00e0m\u3000<strong style=\"font-size: 14px\">&#8220;<\/strong><br \/>\n<\/strong><a href=\"https:\/\/kccfr.jp\/vn\/wp-content\/uploads\/sites\/6\/2025\/06\/3012c8ed7cfb86e34532c6d15ca48775.pdf\" target=\"_blank\" rel=\"noopener\">B\u1ea3n ti\u1ebfng Nh\u1eadt(PDF)<\/a>\uff5c<a href=\"https:\/\/kccfr.jp\/vn\/wp-content\/uploads\/sites\/6\/2025\/06\/e563909a9b543447a2479333bd3c0073.pdf\" target=\"_blank\" rel=\"noopener\">B\u1ea3n ti\u1ebfng Vi\u1ec7t(PDF)<\/a><\/li>\n<\/ul>\n<\/div>\n<\/div>\n<h3 class=\"style3b\" style=\"border-top-color: #000000\">C\u1ea9m nang t\u00ecnh nguy\u1ec7n vi\u00ean<\/h3>\n<div class=\"post_row\">\n<div class=\"post_col post_col-2\"><img loading=\"lazy\" decoding=\"async\" class=\"size-full wp-image-3898 alignnone\" src=\"https:\/\/kccfr.jp\/wp-content\/uploads\/2023\/11\/6806772be1e9ff54bc4f9472b2416aa4.jpg\" alt=\"\" width=\"1190\" height=\"841\" \/><\/div>\n<div class=\"post_col post_col-2\">\n<ul>\n<li><a href=\"https:\/\/kccfr.jp\/wp-content\/uploads\/2023\/11\/df2ca92605e1db0af0f8b3d65715f1dc.pdf\" target=\"_blank\" rel=\"noopener\">C\u1ea9m nang t\u00ecnh nguy\u1ec7n vi\u00ean s\u1ed1 1\uff08PDF\uff09<\/a><\/li>\n<li><a href=\"https:\/\/kccfr.jp\/wp-content\/uploads\/2023\/11\/9765eb82c80eff60c3bb34fb60ebab57.pdf\" target=\"_blank\" rel=\"noopener\">C\u1ea9m nang t\u00ecnh nguy\u1ec7n vi\u00ean s\u1ed1 2\uff08PDF\uff09<\/a><\/li>\n<li><a href=\"https:\/\/kccfr.jp\/wp-content\/uploads\/2023\/11\/68c51903ffd524d274cd698b59b5fb1f.pdf\" target=\"_blank\" rel=\"noopener\">C\u1ea9m nang t\u00ecnh nguy\u1ec7n vi\u00ean s\u1ed1 3\uff08PDF\uff09<\/a><\/li>\n<li><a href=\"https:\/\/kccfr.jp\/wp-content\/uploads\/2023\/11\/e97e388ae2fb920c60372604e59fc912.pdf\" target=\"_blank\" rel=\"noopener\">C\u1ea9m nang t\u00ecnh nguy\u1ec7n vi\u00ean s\u1ed1 4\uff08PDF\uff09<\/a><\/li>\n<li><a href=\"https:\/\/kccfr.jp\/wp-content\/uploads\/2023\/11\/0ffa669604e5e95601f09841abcba8ff.pdf\" target=\"_blank\" rel=\"noopener\">C\u1ea9m nang t\u00ecnh nguy\u1ec7n vi\u00ean s\u1ed1 5\uff08PDF\uff09<\/a><\/li>\n<li><a href=\"https:\/\/kccfr.jp\/wp-content\/uploads\/2023\/11\/d15251e00cae25a6e3eb129143fc6010.pdf\" target=\"_blank\" rel=\"noopener\">C\u1ea9m nang t\u00ecnh nguy\u1ec7n vi\u00ean s\u1ed1 6\uff08PDF\uff09<\/a><\/li>\n<li><a href=\"https:\/\/kccfr.jp\/wp-content\/uploads\/2023\/11\/c574dd6f5230618e57e87a1b3b09c1b2.pdf\" target=\"_blank\" rel=\"noopener\">C\u1ea9m nang t\u00ecnh nguy\u1ec7n vi\u00ean s\u1ed1 7\uff08PDF\uff09<\/a><\/li>\n<li><a href=\"https:\/\/kccfr.jp\/wp-content\/uploads\/2023\/11\/d11f18896e857a329e2b56f7f62314f9.pdf\" target=\"_blank\" rel=\"noopener\">C\u1ea9m nang t\u00ecnh nguy\u1ec7n vi\u00ean s\u1ed1 8\uff08PDF\uff09<\/a><\/li>\n<li><a href=\"https:\/\/kccfr.jp\/wp-content\/uploads\/2023\/11\/30187c84d1c3e0d2284ff7462803919b.pdf\" target=\"_blank\" rel=\"noopener\">C\u1ea9m nang t\u00ecnh nguy\u1ec7n vi\u00ean s\u1ed1 9\uff08PDF\uff09<\/a><\/li>\n<li><a href=\"https:\/\/kccfr.jp\/wp-content\/uploads\/2023\/11\/dff52ae2b9d09b5905d3d8179c409e81.pdf\" target=\"_blank\" rel=\"noopener\">C\u1ea9m nang t\u00ecnh nguy\u1ec7n vi\u00ean s\u1ed1 10\uff08PDF\uff09<\/a><\/li>\n<li><a href=\"https:\/\/kccfr.jp\/wp-content\/uploads\/2023\/11\/b126bd7e49dfed29156361511c19b62a.pdf\" target=\"_blank\" rel=\"noopener\">C\u1ea9m nang t\u00ecnh nguy\u1ec7n vi\u00ean s\u1ed1 11\uff08PDF\uff09<\/a><\/li>\n<li><a href=\"https:\/\/kccfr.jp\/wp-content\/uploads\/2025\/02\/e5b3339dc94ec093efcbd092bada1c63.pdf\" target=\"_blank\" rel=\"noopener\">C\u1ea9m nang t\u00ecnh nguy\u1ec7n vi\u00ean s\u1ed1 12\uff08PDF\uff09<\/a><\/li>\n<li><a href=\"https:\/\/kccfr.jp\/wp-content\/uploads\/2025\/02\/8fb14e80ce4fa099d14e5bc919cd3363.pdf\" target=\"_blank\" rel=\"noopener\">C\u1ea9m nang t\u00ecnh nguy\u1ec7n vi\u00ean s\u1ed1 13\uff08PDF\uff09<\/a><\/li>\n<li><a href=\"https:\/\/kccfr.jp\/wp-content\/uploads\/2025\/02\/6b0fab14708c4b6d133a846a7d386cc0.pdf\" target=\"_blank\" rel=\"noopener\">C\u1ea9m nang t\u00ecnh nguy\u1ec7n vi\u00ean s\u1ed1 14\uff08PDF\uff09<\/a><\/li>\n<li><a href=\"https:\/\/kccfr.jp\/wp-content\/uploads\/2025\/02\/74aa4a632fa8c340421ea5bb7df4a205.pdf\" target=\"_blank\" rel=\"noopener\">C\u1ea9m nang t\u00ecnh nguy\u1ec7n vi\u00ean s\u1ed1 15\uff08PDF\uff09<\/a><\/li>\n<li><a href=\"https:\/\/kccfr.jp\/wp-content\/uploads\/2025\/02\/718de9186967257661778e0e0999c39d.pdf\" target=\"_blank\" rel=\"noopener\">C\u1ea9m nang t\u00ecnh nguy\u1ec7n vi\u00ean s\u1ed1 16\uff08PDF\uff09<\/a><\/li>\n<li><a href=\"https:\/\/kccfr.jp\/wp-content\/uploads\/2025\/02\/ac3c5d09d4c671d1296ec7694a1c63ae.pdf\" target=\"_blank\" rel=\"noopener\">C\u1ea9m nang t\u00ecnh nguy\u1ec7n vi\u00ean s\u1ed1 17\uff08PDF\uff09<\/a><\/li>\n<li><a href=\"https:\/\/kccfr.jp\/wp-content\/uploads\/2025\/02\/c60f9cd86e8450f45e3182147149afd2.pdf\" target=\"_blank\" rel=\"noopener\">C\u1ea9m nang t\u00ecnh nguy\u1ec7n vi\u00ean s\u1ed1 18\uff08PDF\uff09<\/a><\/li>\n<\/ul>\n<\/div>\n<\/div>\n<p>&nbsp;<\/p>\n","protected":false},"excerpt":{"rendered":"H\u01b0\u1edbng d\u1eabn Kocoforre H\u01b0\u1edbng d\u1eabn Kocoforre B\u1ea3n ti\u1ebfng Nh\u1eadt\uff08PDF\uff09 H\u01b0\u1edbng d\u1eabn Kocoforre B\u1ea3n ti\u1ebfng Anh\uff08PDF\uff09 H\u01b0\u1edbng d\u1eabn Kocoforre B\u1ea3n ti\u1ebfng Trung\uff08PDF\uff09 H\u01b0\u1edbng d\u1eabn Kocoforre B\u1ea3n ti\u1ebfng H\u00e0n\uff08PDF\uff09 H\u01b0\u1edbng d\u1eabn Kocoforre B\u1ea3n ti\u1ebfng Indonesia\uff08PDF\uff09 H\u01b0\u1edbng d\u1eabn Kocoforre B\u1ea3n ti\u1ebfng Vi\u1ec7t\uff08PDF\uff09 Tin T\u1ee9c Kocoforre Tin T\u1ee9c Kocoforre s\u1ed1 1 B\u1ea3n ti\u1ebfng Nh\u1eadt\uff08PDF\uff09 &#8220;Tin T\u1ee9c Kocoforre S\u1ed1 2 B\u1ea3n ti\u1ebfng Nh\u1eadt &#8220;\u0110\u01b0\u1eddng d\u00e2y t\u01b0 v\u1ea5n \u0111a ng\u00f4n ng\u1eef&#8221;, &#8220;T\u00ecnh h\u00ecnh t\u01b0 v\u1ea5n c\u1ee7a Kocoforre&#8221; B\u1ea3n ti\u1ebfng Nh\u1eadt(PDF)\uff5cB\u1ea3n ti\u1ebfng Vi\u1ec7t(PDF) Tin T\u1ee9c Kocoforre S\u1ed1 3 &#8220;V\u1ec1 t\u01b0 c\u00e1ch l\u01b0u tr\u00fa&#8221; B\u1ea3n ti\u1ebfng Nh\u1eadt(PDF)\uff5cB\u1ea3n ti\u1ebfng Vi\u1ec7t(PDF) &#8220;Tin T\u1ee9c Kocoforre S\u1ed1 4 &#8221; CHUY\u1ec2N \u0110\u1ed4I B\u1eb0NG L\u00c1I XE DO N\u01af\u1edaC NGO\u00c0I C\u1ea4P&#8220; B\u1ea3n ti\u1ebfng Nh\u1eadt(PDF)\uff5cB\u1ea3n ti\u1ebfng [&hellip;]","protected":false},"author":1,"featured_media":0,"parent":0,"menu_order":0,"comment_status":"closed","ping_status":"closed","template":"","meta":{"footnotes":""},"class_list":["post-1002","page","type-page","status-publish","hentry"],"_links":{"self":[{"href":"https:\/\/kccfr.jp\/vn\/wp-json\/wp\/v2\/pages\/1002","targetHints":{"allow":["GET"]}}],"collection":[{"href":"https:\/\/kccfr.jp\/vn\/wp-json\/wp\/v2\/pages"}],"about":[{"href":"https:\/\/kccfr.jp\/vn\/wp-json\/wp\/v2\/types\/page"}],"author":[{"embeddable":true,"href":"https:\/\/kccfr.jp\/vn\/wp-json\/wp\/v2\/users\/1"}],"replies":[{"embeddable":true,"href":"https:\/\/kccfr.jp\/vn\/wp-json\/wp\/v2\/comments?post=1002"}],"version-history":[{"count":5,"href":"https:\/\/kccfr.jp\/vn\/wp-json\/wp\/v2\/pages\/1002\/revisions"}],"predecessor-version":[{"id":1221,"href":"https:\/\/kccfr.jp\/vn\/wp-json\/wp\/v2\/pages\/1002\/revisions\/1221"}],"wp:attachment":[{"href":"https:\/\/kccfr.jp\/vn\/wp-json\/wp\/v2\/media?parent=1002"}],"curies":[{"name":"wp","href":"https:\/\/api.w.org\/{rel}","templated":true}]}}