{"id":173,"date":"2019-12-27T19:17:18","date_gmt":"2019-12-27T10:17:18","guid":{"rendered":"https:\/\/kccfr.jp\/vn\/?page_id=173"},"modified":"2019-12-27T19:37:34","modified_gmt":"2019-12-27T10:37:34","slug":"staff-schedule","status":"publish","type":"page","link":"https:\/\/kccfr.jp\/vn\/staff-schedule\/","title":{"rendered":"L\u1ecbch l\u00e0m vi\u1ec7c c\u1ee7a phi\u00ean d\u1ecbch vi\u00ean"},"content":{"rendered":"<p><iframe loading=\"lazy\" src=\"https:\/\/calendar.google.com\/calendar\/embed?height=600&amp;wkst=1&amp;bgcolor=%23ffffff&amp;ctz=Asia%2FTokyo&amp;src=bW1hMzY5OTQ1MzRtaGc0MWVlM2J1YWM1dTBAZ3JvdXAuY2FsZW5kYXIuZ29vZ2xlLmNvbQ&amp;src=amEuamFwYW5lc2UjaG9saWRheUBncm91cC52LmNhbGVuZGFyLmdvb2dsZS5jb20&amp;color=%23875509&amp;color=%231F753C&amp;showCalendars=0&amp;hl=vi\" style=\"border:solid 1px #777\" width=\"100%\" height=\"600\" frameborder=\"0\" scrolling=\"no\"><\/iframe><br \/>\n\u203b\u3000L\u1ecbch l\u00e0m vi\u1ec7c c\u1ee7a phi\u00ean d\u1ecbch vi\u00ean c\u00f3 th\u1ec3 thay \u0111\u1ed5i m\u00e0 kh\u00f4ng th\u00f4ng b\u00e1o tr\u01b0\u1edbc. \u0110\u1ec3 vi\u1ec7c phi\u00ean d\u1ecbch \u0111\u01b0\u1ee3c thu\u1eadn l\u1ee3i, qu\u00fd kh\u00e1ch c\u00f3 th\u1ec3 l\u00ean l\u1ecbch h\u1eb9n tr\u01b0\u1edbc v\u1edbi trung t\u00e2m<span style=\"float: none;background-color: #ffffff;color: #333333;font-family: Verdana,'\u30d2\u30e9\u30ae\u30ce\u89d2\u30b4 ProN W3','Hiragino Kaku Gothic ProN','\u30e1\u30a4\u30ea\u30aa',Meiryo,sans-serif;font-size: 100%;font-style: normal;font-variant: normal;font-weight: 400;letter-spacing: normal;line-height: 2;text-align: left;text-decoration: none;text-indent: 0px;text-transform: none\">. <\/span>(<span style=\"float: none;background-color: #ffffff;color: #333333;font-family: Verdana,'\u30d2\u30e9\u30ae\u30ce\u89d2\u30b4 ProN W3','Hiragino Kaku Gothic ProN','\u30e1\u30a4\u30ea\u30aa',Meiryo,sans-serif;font-size: 100%;font-style: normal;font-variant: normal;font-weight: 400;letter-spacing: normal;line-height: 2;text-align: left;text-decoration: none;text-indent: 0px;text-transform: none\">\u0110i\u1ec7n tho\u1ea1i: <\/span><a href=\"tel:0888216440\">088-821-6440<\/a>, e-mail:<span style=\"float: none;background-color: #ffffff;color: #333333;font-family: Verdana,'\u30d2\u30e9\u30ae\u30ce\u89d2\u30b4 ProN W3','Hiragino Kaku Gothic ProN','\u30e1\u30a4\u30ea\u30aa',Meiryo,sans-serif;font-size: 100%;font-style: normal;font-variant: normal;font-weight: 400;letter-spacing: normal;line-height: 2;text-align: left;text-decoration: none;text-indent: 0px;text-transform: none\"> <a href=\"mailto:consultation@kccfr.jp\">consultation@kccfr.jp<\/a>)<\/span><br \/>\n\u203b\u3000Khi kh\u00f4ng c\u00f3 phi\u00ean d\u1ecbch vi\u00ean, nh\u01b0 th\u00f4ng l\u1ec7 t\u1eeb tr\u01b0\u1edbc t\u1edbi nay, trung t\u00e2m c\u00f3 cung c\u1ea5p thi\u1ebft b\u1ecb phi\u00ean d\u1ecbch c\u1ea7m tay ho\u1eb7c s\u1eed d\u1ee5ng d\u1ecbch v\u1ee5 th\u00f4ng d\u1ecbch qua \u0111i\u1ec7n tho\u1ea1i.<\/p>\n","protected":false},"excerpt":{"rendered":"\u203b\u3000L\u1ecbch l\u00e0m vi\u1ec7c c\u1ee7a phi\u00ean d\u1ecbch vi\u00ean c\u00f3 th\u1ec3 thay \u0111\u1ed5i m\u00e0 kh\u00f4ng th\u00f4ng b\u00e1o tr\u01b0\u1edbc. \u0110\u1ec3 vi\u1ec7c phi\u00ean d\u1ecbch \u0111\u01b0\u1ee3c thu\u1eadn l\u1ee3i, qu\u00fd kh\u00e1ch c\u00f3 th\u1ec3 l\u00ean l\u1ecbch h\u1eb9n tr\u01b0\u1edbc v\u1edbi trung t\u00e2m. (\u0110i\u1ec7n tho\u1ea1i: 088-821-6440, e-mail: consultation@kccfr.jp) \u203b\u3000Khi kh\u00f4ng c\u00f3 phi\u00ean d\u1ecbch vi\u00ean, nh\u01b0 th\u00f4ng l\u1ec7 t\u1eeb tr\u01b0\u1edbc t\u1edbi nay, trung t\u00e2m c\u00f3 cung c\u1ea5p thi\u1ebft b\u1ecb phi\u00ean d\u1ecbch c\u1ea7m tay ho\u1eb7c s\u1eed d\u1ee5ng d\u1ecbch v\u1ee5 th\u00f4ng d\u1ecbch qua \u0111i\u1ec7n tho\u1ea1i.","protected":false},"author":6,"featured_media":0,"parent":0,"menu_order":0,"comment_status":"closed","ping_status":"closed","template":"","meta":{"footnotes":""},"class_list":["post-173","page","type-page","status-publish","hentry"],"_links":{"self":[{"href":"https:\/\/kccfr.jp\/vn\/wp-json\/wp\/v2\/pages\/173","targetHints":{"allow":["GET"]}}],"collection":[{"href":"https:\/\/kccfr.jp\/vn\/wp-json\/wp\/v2\/pages"}],"about":[{"href":"https:\/\/kccfr.jp\/vn\/wp-json\/wp\/v2\/types\/page"}],"author":[{"embeddable":true,"href":"https:\/\/kccfr.jp\/vn\/wp-json\/wp\/v2\/users\/6"}],"replies":[{"embeddable":true,"href":"https:\/\/kccfr.jp\/vn\/wp-json\/wp\/v2\/comments?post=173"}],"version-history":[{"count":12,"href":"https:\/\/kccfr.jp\/vn\/wp-json\/wp\/v2\/pages\/173\/revisions"}],"predecessor-version":[{"id":206,"href":"https:\/\/kccfr.jp\/vn\/wp-json\/wp\/v2\/pages\/173\/revisions\/206"}],"wp:attachment":[{"href":"https:\/\/kccfr.jp\/vn\/wp-json\/wp\/v2\/media?parent=173"}],"curies":[{"name":"wp","href":"https:\/\/api.w.org\/{rel}","templated":true}]}}