{"id":49,"date":"2019-05-24T10:54:32","date_gmt":"2019-05-24T01:54:32","guid":{"rendered":"https:\/\/kccfr.jp\/vn\/?page_id=49"},"modified":"2019-05-24T10:56:29","modified_gmt":"2019-05-24T01:56:29","slug":"privacy-policy","status":"publish","type":"page","link":"https:\/\/kccfr.jp\/vn\/privacy-policy\/","title":{"rendered":"Chi\u0301nh sa\u0301ch ba\u0309o m\u00e2\u0323t"},"content":{"rendered":"<p>Ta\u0323i Hi\u00ea\u0323p h\u00f4\u0323i giao l\u01b0u qu\u00f4\u0301c t\u00ea\u0301 ti\u0309nh Kochi (d\u01b0\u01a1\u0301i \u0111\u00e2y se\u0303 go\u0323i t\u0103\u0301t la\u0300 Hi\u00ea\u0323p h\u00f4\u0323i), v\u00ea\u0300 vi\u00ea\u0323c ba\u0309o qua\u0309n, thu th\u00e2\u0323p, qua\u0309n ly\u0301 th\u00f4ng tin ca\u0301 nh\u00e2n nh\u00e2\u0323n \u0111\u01b0\u01a1\u0323c th\u00f4ng qua trang web cu\u0309a Hi\u00ea\u0323p h\u00f4\u0323i cu\u0303ng nh\u01b0 vi\u00ea\u0323c s\u01b0\u0309 du\u0323ng th\u00f4ng tin ca\u0301 nh\u00e2n \u0111\u01b0\u01a1\u0323c cung c\u00e2\u0301p, d\u01b0\u0323a tr\u00ean \u201cQui \u0111i\u0323nh v\u00ea\u0300 vi\u00ea\u0323c ba\u0309o m\u00e2\u0323t th\u00f4ng tin ca\u0301 nh\u00e2n cu\u0309a Hi\u00ea\u0323p h\u00f4\u0323i giao l\u01b0u qu\u00f4\u0301c t\u00ea\u0301 ti\u0309nh Kochi\u201d, Hi\u00ea\u0323p h\u00f4\u0323i lu\u00f4n x\u01b0\u0309 ly\u0301 th\u00f4ng tin ca\u0301 nh\u00e2n m\u00f4\u0323t ca\u0301ch thi\u0301ch h\u01a1\u0323p nh\u01b0 sau:<\/p>\n<h3 class=\"style3a\">Th\u00f4ng tin ca\u0301 nh\u00e2n la\u0300 gi\u0300<\/h3>\n<p>La\u0300 nh\u01b0\u0303ng th\u00f4ng tin li\u00ean quan \u0111\u00ea\u0301n ca\u0301 nh\u00e2n nh\u01b0 \u0111i\u0323a chi\u0309, t\u00ean, s\u00f4\u0301 \u0111i\u00ea\u0323n thoa\u0323i, \u0111i\u0323a chi\u0309 Email v.v., t\u01b0\u0301c la\u0300 nh\u01b0\u0303ng th\u00f4ng tin giu\u0301p nh\u00e2\u0323n bi\u00ea\u0301t ra m\u00f4\u0323t ca\u0301 nh\u00e2n cu\u0323 th\u00ea\u0309. (Bao g\u00f4\u0300m ca\u0309 nh\u01b0\u0303ng th\u00f4ng tin \u0111\u00ea\u0309 nh\u00e2\u0323n bi\u00ea\u0301t m\u00f4\u0323t ca\u0301 nh\u00e2n b\u0103\u0300ng ca\u0301ch \u0111\u00f4\u0301i chi\u00ea\u0301u v\u01a1\u0301i nh\u01b0\u0303ng th\u00f4ng tin kha\u0301c, ngoa\u0300i nh\u01b0\u0303ng th\u00f4ng tin giu\u0301p nh\u00e2\u0323n bi\u00ea\u0301t m\u00f4\u0323t ca\u0301 nh\u00e2n m\u00f4\u0323t ca\u0301ch tr\u01b0\u0323c ti\u00ea\u0301p)<\/p>\n<h3 class=\"style3a\">Ha\u0323n ch\u00ea\u0301 thu th\u00e2\u0323p th\u00f4ng tin ca\u0301 nh\u00e2n<\/h3>\n<p>Khi Hi\u00ea\u0323p h\u00f4\u0323i thu th\u00e2\u0323p th\u00f4ng tin ca\u0301 nh\u00e2n th\u00f4ng qua ma\u0323ng internet, se\u0303 theo nguy\u00ean t\u0103\u0301c cung c\u00e2\u0301p th\u00f4ng tin theo y\u0301 mu\u00f4\u0301n cu\u0309a ng\u01b0\u01a1\u0300i s\u01b0\u0309 du\u0323ng di\u0323ch vu\u0323. Vi\u00ea\u0323c thu th\u00e2\u0323p th\u00f4ng tin ca\u0301 nh\u00e2n lu\u00f4n la\u0300m ro\u0303 mu\u0323c \u0111i\u0301ch thu th\u00e2\u0323p th\u00f4ng tin ca\u0301 nh\u00e2n \u0111o\u0301, va\u0300 chi\u0309 ti\u00ea\u0301n ha\u0300nh trong pha\u0323m vi c\u00e2\u0300n thi\u00ea\u0301t nh\u0103\u0300m \u0111a\u0323t \u0111\u01b0\u01a1\u0323c mu\u0323c \u0111i\u0301ch \u0111o\u0301.<\/p>\n<h3 class=\"style3a\">Ha\u0323n ch\u00ea\u0301 s\u01b0\u0309 du\u0323ng th\u00f4ng tin ca\u0301 nh\u00e2n<\/h3>\n<p>Th\u00f4ng tin ca\u0301 nh\u00e2n chi\u0309 \u0111\u01b0\u01a1\u0323c s\u01b0\u0309 du\u0323ng trong pha\u0323m vi cu\u0309a mu\u0323c \u0111i\u0301ch thu th\u00e2\u0323p th\u00f4ng tin. Ngoa\u0300i ra, ngoa\u0323i tr\u01b0\u0300 tr\u01b0\u01a1\u0300ng h\u01a1\u0323p \u0111\u01b0\u01a1\u0323c qui \u0111i\u0323nh trong \u0111i\u00ea\u0300u l\u00ea\u0323 ba\u0309o m\u00e2\u0323t th\u00f4ng tin ca\u0301 nh\u00e2n nh\u01b0 tr\u01b0\u01a1\u0300ng h\u01a1\u0323p co\u0301 s\u01b0\u0323 \u0111\u00f4\u0300ng y\u0301 cu\u0309a chi\u0301nh ng\u01b0\u01a1\u0300i s\u01b0\u0309 du\u0323ng di\u0323ch vu\u0323 v.v., th\u00f4ng tin ca\u0301 nh\u00e2n kh\u00f4ng \u0111\u01b0\u01a1\u0323c s\u01b0\u0309 du\u0323ng cho vi\u00ea\u0323c kha\u0301c ngoa\u0300i mu\u0323c \u0111i\u0301ch thu th\u00e2\u0323p, va\u0300 kh\u00f4ng \u0111\u01b0\u01a1\u0323c cung c\u00e2\u0301p cho b\u00ean th\u01b0\u0301 ba.<\/p>\n<h3 class=\"style3a\">Qua\u0309n ly\u0301 th\u00f4ng tin ca\u0301 nh\u00e2n<\/h3>\n<p>Th\u00f4ng tin ca\u0301 nh\u00e2n \u0111\u01b0\u01a1\u0323c thu th\u00e2\u0323p t\u01b0\u0300 t\u00e2\u0301t ca\u0309 ca\u0301c quy\u0301 vi\u0323 se\u0303 \u0111\u01b0\u01a1\u0323c ng\u01b0\u01a1\u0300i qua\u0309n ly\u0301 v\u00e2\u0323n du\u0323ng trang web tr\u01b0\u0323c thu\u00f4\u0323c n\u01a1i ti\u00ea\u0301n ha\u0300nh thu th\u00e2\u0323p th\u00f4ng tin qua\u0309n ly\u0301 m\u00f4\u0323t ca\u0301ch nghi\u00eam ng\u0103\u0323t, lu\u00f4n co\u0301 nh\u01b0\u0303ng ca\u0301ch x\u01b0\u0309 tri\u0301 c\u00e2\u0300n thi\u00ea\u0301t nh\u0103\u0300m ng\u0103n ch\u0103\u0323n vi\u00ea\u0323c th\u00e2\u0301t thoa\u0301t th\u00f4ng tin ca\u0301 nh\u00e2n, \u0111\u00f4\u0300ng th\u01a1\u0300i qua\u0309n ly\u0301 th\u00f4ng tin ca\u0301 nh\u00e2n m\u00f4\u0323t ca\u0301ch thi\u0301ch h\u01a1\u0323p.<\/p>\n","protected":false},"excerpt":{"rendered":"Ta\u0323i Hi\u00ea\u0323p h\u00f4\u0323i giao l\u01b0u qu\u00f4\u0301c t\u00ea\u0301 ti\u0309nh Kochi (d\u01b0\u01a1\u0301i \u0111\u00e2y se\u0303 go\u0323i t\u0103\u0301t la\u0300 Hi\u00ea\u0323p h\u00f4\u0323i), v\u00ea\u0300 vi\u00ea\u0323c ba\u0309o qua\u0309n, thu th\u00e2\u0323p, qua\u0309n ly\u0301 th\u00f4ng tin ca\u0301 nh\u00e2n nh\u00e2\u0323n \u0111\u01b0\u01a1\u0323c th\u00f4ng qua trang web cu\u0309a Hi\u00ea\u0323p h\u00f4\u0323i cu\u0303ng nh\u01b0 vi\u00ea\u0323c s\u01b0\u0309 du\u0323ng th\u00f4ng tin ca\u0301 nh\u00e2n \u0111\u01b0\u01a1\u0323c cung c\u00e2\u0301p, d\u01b0\u0323a tr\u00ean \u201cQui \u0111i\u0323nh v\u00ea\u0300 vi\u00ea\u0323c ba\u0309o m\u00e2\u0323t th\u00f4ng tin ca\u0301 nh\u00e2n cu\u0309a Hi\u00ea\u0323p h\u00f4\u0323i giao l\u01b0u qu\u00f4\u0301c t\u00ea\u0301 ti\u0309nh Kochi\u201d, Hi\u00ea\u0323p h\u00f4\u0323i lu\u00f4n x\u01b0\u0309 ly\u0301 th\u00f4ng tin ca\u0301 nh\u00e2n m\u00f4\u0323t ca\u0301ch thi\u0301ch h\u01a1\u0323p nh\u01b0 sau: Th\u00f4ng tin ca\u0301 nh\u00e2n la\u0300 gi\u0300 La\u0300 nh\u01b0\u0303ng th\u00f4ng tin li\u00ean quan \u0111\u00ea\u0301n ca\u0301 nh\u00e2n nh\u01b0 \u0111i\u0323a chi\u0309, t\u00ean, s\u00f4\u0301 \u0111i\u00ea\u0323n thoa\u0323i, \u0111i\u0323a chi\u0309 [&hellip;]","protected":false},"author":1,"featured_media":0,"parent":0,"menu_order":91,"comment_status":"closed","ping_status":"closed","template":"","meta":{"footnotes":""},"class_list":["post-49","page","type-page","status-publish","hentry"],"_links":{"self":[{"href":"https:\/\/kccfr.jp\/vn\/wp-json\/wp\/v2\/pages\/49","targetHints":{"allow":["GET"]}}],"collection":[{"href":"https:\/\/kccfr.jp\/vn\/wp-json\/wp\/v2\/pages"}],"about":[{"href":"https:\/\/kccfr.jp\/vn\/wp-json\/wp\/v2\/types\/page"}],"author":[{"embeddable":true,"href":"https:\/\/kccfr.jp\/vn\/wp-json\/wp\/v2\/users\/1"}],"replies":[{"embeddable":true,"href":"https:\/\/kccfr.jp\/vn\/wp-json\/wp\/v2\/comments?post=49"}],"version-history":[{"count":3,"href":"https:\/\/kccfr.jp\/vn\/wp-json\/wp\/v2\/pages\/49\/revisions"}],"predecessor-version":[{"id":52,"href":"https:\/\/kccfr.jp\/vn\/wp-json\/wp\/v2\/pages\/49\/revisions\/52"}],"wp:attachment":[{"href":"https:\/\/kccfr.jp\/vn\/wp-json\/wp\/v2\/media?parent=49"}],"curies":[{"name":"wp","href":"https:\/\/api.w.org\/{rel}","templated":true}]}}