{"id":57,"date":"2019-05-24T11:08:46","date_gmt":"2019-05-24T02:08:46","guid":{"rendered":"https:\/\/kccfr.jp\/vn\/?page_id=57"},"modified":"2024-08-08T11:17:11","modified_gmt":"2024-08-08T02:17:11","slug":"consultation-mailform","status":"publish","type":"page","link":"https:\/\/kccfr.jp\/vn\/consultation-mailform\/","title":{"rendered":"M\u00e2\u0303u t\u01b0 v\u00e2\u0301n da\u0300nh cho ng\u01b0\u01a1\u0300i n\u01b0\u01a1\u0301c ngoa\u0300i s\u00f4\u0301ng \u01a1\u0309 ti\u0309nh Kochi"},"content":{"rendered":"<div class=\"well2\">\n<p style=\"margin:1em 0;\"><strong>\u0110\u1ec1 ph\u00f2ng<\/strong><\/p>\n<ul>\n<li>C\u00e2\u0300n m\u00e2\u0301t m\u00f4\u0323t th\u01a1\u0300i gian \u0111\u00ea\u0309 tra\u0309 l\u01a1\u0300i<\/li>\n<li>Kh\u00f4ng th\u00ea\u0309 \u0111\u00f4\u0301i \u01b0\u0301ng v\u01a1\u0301i nh\u01b0\u0303ng tr\u01b0\u01a1\u0300ng h\u01a1\u0323p c\u00e2\u0300n t\u01b0 v\u00e2\u0301n g\u00e2\u0301p. Trong tr\u01b0\u01a1\u0300ng h\u01a1\u0323p kh\u00e2\u0309n c\u00e2\u0301p, ha\u0303y li\u00ean la\u0323c tr\u01b0\u0323c ti\u00ea\u0301p \u0111\u00ea\u0301n c\u01a1 quan chuy\u00ean m\u00f4n v.v.\u3000(khi xa\u0309y ra vu\u0323 a\u0301n, tai na\u0323n thi\u0300 go\u0323i s\u00f4\u0301 110, khi co\u0301 ho\u0309a hoa\u0323n, b\u00ea\u0323nh c\u00e2\u0300n c\u00e2\u0301p c\u01b0\u0301u thi\u0300 go\u0323i s\u00f4\u0301 119)<\/li>\n<li>Chu\u0301ng t\u00f4i se\u0303 g\u01b0\u0309i c\u00e2u tra\u0309 l\u01a1\u0300i qua \u0111i\u0323a chi\u0309 e-mail. V\u00e2\u0323y n\u00ean xin ha\u0303y nh\u01a1\u0301 ghi \u0111i\u0323a chi\u0309 e-mail va\u0300o. <\/li>\n<li>Chu\u0301ng t\u00f4i se\u0303 qua\u0309n ly\u0301 nh\u01b0\u0303ng th\u00f4ng tin ca\u0301 nh\u00e2n th\u00e2\u0323t c\u00e2\u0309n th\u00e2\u0323n, va\u0300 chi\u0309 s\u01b0\u0309 du\u0323ng \u0111\u00ea\u0309 tra\u0309 l\u01a1\u0300i \u0111\u00f4\u0301i v\u01a1\u0301i vi\u00ea\u0323c c\u00e2\u0300n t\u01b0 v\u00e2\u0301n.<\/li>\n<\/ul>\n<\/div>\n\n<div class=\"wpcf7 no-js\" id=\"wpcf7-f112-o1\" lang=\"ja\" dir=\"ltr\" data-wpcf7-id=\"112\">\n<div class=\"screen-reader-response\"><p role=\"status\" aria-live=\"polite\" aria-atomic=\"true\"><\/p> <ul><\/ul><\/div>\n<form action=\"\/vn\/wp-json\/wp\/v2\/pages\/57#wpcf7-f112-o1\" method=\"post\" class=\"wpcf7-form init\" aria-label=\"\u30b3\u30f3\u30bf\u30af\u30c8\u30d5\u30a9\u30fc\u30e0\" novalidate=\"novalidate\" data-status=\"init\">\n<fieldset class=\"hidden-fields-container\"><input type=\"hidden\" name=\"_wpcf7\" value=\"112\" \/><input type=\"hidden\" name=\"_wpcf7_version\" value=\"6.1.5\" \/><input type=\"hidden\" name=\"_wpcf7_locale\" value=\"ja\" \/><input type=\"hidden\" name=\"_wpcf7_unit_tag\" value=\"wpcf7-f112-o1\" \/><input type=\"hidden\" name=\"_wpcf7_container_post\" value=\"0\" \/><input type=\"hidden\" name=\"_wpcf7_posted_data_hash\" value=\"\" \/><input type=\"hidden\" name=\"_wpcf7_recaptcha_response\" value=\"\" \/>\n<\/fieldset>\n<p>D\u00e2\u0301u \uff0a co\u0301 nghi\u0303a la\u0300 nh\u00e2\u0301t \u0111i\u0323nh pha\u0309i \u0111i\u00ea\u0300n va\u0300o\n<\/p>\n<p><label>\u0110i\u0323a chi\u0309 e-mail \uff0a<br \/>\n<span class=\"wpcf7-form-control-wrap\" data-name=\"your-email\"><input size=\"40\" maxlength=\"400\" class=\"wpcf7-form-control wpcf7-email wpcf7-validates-as-required wpcf7-text wpcf7-validates-as-email\" aria-required=\"true\" aria-invalid=\"false\" value=\"\" type=\"email\" name=\"your-email\" \/><\/span><\/label>\n<\/p>\n<p><label>\u0110i\u00ea\u0323n thoa\u0323i (TEL)<br \/>\n<span class=\"wpcf7-form-control-wrap\" data-name=\"your-tel\"><input size=\"40\" maxlength=\"400\" class=\"wpcf7-form-control wpcf7-tel wpcf7-text wpcf7-validates-as-tel\" aria-invalid=\"false\" value=\"\" type=\"tel\" name=\"your-tel\" \/><\/span><\/label>\n<\/p>\n<p><label>T\u00ean chi\u0301nh th\u01b0\u0301c ho\u0103\u0323c nick name \uff0a<br \/>\n<span class=\"wpcf7-form-control-wrap\" data-name=\"your-name\"><input size=\"40\" maxlength=\"400\" class=\"wpcf7-form-control wpcf7-text wpcf7-validates-as-required\" aria-required=\"true\" aria-invalid=\"false\" value=\"\" type=\"text\" name=\"your-name\" \/><\/span><\/label>\n<\/p>\n<p><label>\u0110i\u0323a chi\u0309 \uff0a<br \/>\n<span class=\"wpcf7-form-control-wrap\" data-name=\"your-city\"><select class=\"wpcf7-form-control wpcf7-select wpcf7-validates-as-required\" aria-required=\"true\" aria-invalid=\"false\" name=\"your-city\"><option value=\"Tha\u0300nh ph\u00f4\u0301 Kochi\">Tha\u0300nh ph\u00f4\u0301 Kochi<\/option><option value=\"Tha\u0300nh ph\u00f4\u0301 Muroto\">Tha\u0300nh ph\u00f4\u0301 Muroto<\/option><option value=\"Tha\u0300nh ph\u00f4\u0301 Aki\">Tha\u0300nh ph\u00f4\u0301 Aki<\/option><option value=\"Tha\u0300nh ph\u00f4\u0301 Nankoku\">Tha\u0300nh ph\u00f4\u0301 Nankoku<\/option><option value=\"Tha\u0300nh ph\u00f4\u0301 Tosa\">Tha\u0300nh ph\u00f4\u0301 Tosa<\/option><option value=\"Thi\u0323 tr\u00e2\u0301n Otsuki\">Thi\u0323 tr\u00e2\u0301n Otsuki<\/option><option value=\"Tha\u0300nh ph\u00f4\u0301 Susaki\">Tha\u0300nh ph\u00f4\u0301 Susaki<\/option><option value=\"Tha\u0300nh ph\u00f4\u0301 Sukumo\">Tha\u0300nh ph\u00f4\u0301 Sukumo<\/option><option value=\"Tha\u0300nh ph\u00f4\u0301 Tosashimizu\">Tha\u0300nh ph\u00f4\u0301 Tosashimizu<\/option><option value=\"Tha\u0300nh ph\u00f4\u0301 Shimanto\">Tha\u0300nh ph\u00f4\u0301 Shimanto<\/option><option value=\"Tha\u0300nh ph\u00f4\u0301 Konan\">Tha\u0300nh ph\u00f4\u0301 Konan<\/option><option value=\"La\u0300ng Mihara\">La\u0300ng Mihara<\/option><option value=\"Tha\u0300nh ph\u00f4\u0301 Kami\">Tha\u0300nh ph\u00f4\u0301 Kami<\/option><option value=\"Thi\u0323 tr\u00e2\u0301n Toyo\">Thi\u0323 tr\u00e2\u0301n Toyo<\/option><option value=\"Thi\u0323 tr\u00e2\u0301n Nahari\">Thi\u0323 tr\u00e2\u0301n Nahari<\/option><option value=\"Thi\u0323 tr\u00e2\u0301n Tano\">Thi\u0323 tr\u00e2\u0301n Tano<\/option><option value=\"Thi\u0323 tr\u00e2\u0301n Yasuda\">Thi\u0323 tr\u00e2\u0301n Yasuda<\/option><option value=\"Thi\u0323 tr\u00e2\u0301n Kuroshio\">Thi\u0323 tr\u00e2\u0301n Kuroshio<\/option><option value=\"La\u0300ng Kitagawa\">La\u0300ng Kitagawa<\/option><option value=\"La\u0300ng Umaji\">La\u0300ng Umaji<\/option><option value=\"La\u0300ng Geisei\">La\u0300ng Geisei<\/option><option value=\"Thi\u0323 tr\u00e2\u0301n Motoyama\">Thi\u0323 tr\u00e2\u0301n Motoyama<\/option><option value=\"Thi\u0323 tr\u00e2\u0301n Otoyo\">Thi\u0323 tr\u00e2\u0301n Otoyo<\/option><option value=\"Thi\u0323 tr\u00e2\u0301n Tosa\">Thi\u0323 tr\u00e2\u0301n Tosa<\/option><option value=\"La\u0300ng Okawa\">La\u0300ng Okawa<\/option><option value=\"Thi\u0323 tr\u00e2\u0301n Ino\">Thi\u0323 tr\u00e2\u0301n Ino<\/option><option value=\"Thi\u0323 tr\u00e2\u0301n Niyodogawa\">Thi\u0323 tr\u00e2\u0301n Niyodogawa<\/option><option value=\"Thi\u0323 tr\u00e2\u0301n Nakatosa\">Thi\u0323 tr\u00e2\u0301n Nakatosa<\/option><option value=\"Thi\u0323 tr\u00e2\u0301n Sakawa\">Thi\u0323 tr\u00e2\u0301n Sakawa<\/option><option value=\"Thi\u0323 tr\u00e2\u0301n Ochi\">Thi\u0323 tr\u00e2\u0301n Ochi<\/option><option value=\"Thi\u0323 tr\u00e2\u0301n Yusuhara\">Thi\u0323 tr\u00e2\u0301n Yusuhara<\/option><option value=\"La\u0300ng Hidaka\">La\u0300ng Hidaka<\/option><option value=\"Thi\u0323 tr\u00e2\u0301n Tsuno\">Thi\u0323 tr\u00e2\u0301n Tsuno<\/option><option value=\"Kh\u00f4ng bi\u00ea\u0301t\">Kh\u00f4ng bi\u00ea\u0301t<\/option><option value=\"Kh\u00f4ng mu\u00f4\u0301n vi\u00ea\u0301t\">Kh\u00f4ng mu\u00f4\u0301n vi\u00ea\u0301t<\/option><option value=\"Kha\u0301c\">Kha\u0301c<\/option><\/select><\/span><\/label>\n<\/p>\n<p><label>Nationality \uff0a<br \/>\n<span class=\"wpcf7-form-control-wrap\" data-name=\"nationality\"><input size=\"40\" maxlength=\"400\" class=\"wpcf7-form-control wpcf7-text wpcf7-validates-as-required\" aria-required=\"true\" aria-invalid=\"false\" value=\"\" type=\"text\" name=\"nationality\" \/><\/span><\/label>\n<\/p>\n<p><label>T\u01b0 ca\u0301ch l\u01b0u tru\u0301 \uff0a<br \/>\n(Ha\u0303y xem ch\u00f4\u0303 \u201cT\u01b0 ca\u0301ch l\u01b0u tru\u0301 STATUS\u201d tr\u00ean the\u0309 c\u01b0 tru\u0301)<br \/>\n<span class=\"wpcf7-form-control-wrap\" data-name=\"your-status\"><select class=\"wpcf7-form-control wpcf7-select wpcf7-validates-as-required\" aria-required=\"true\" aria-invalid=\"false\" name=\"your-status\"><option value=\"Ng\u01b0\u01a1\u0300i vi\u0303nh tru\u0301\uff08Permanent Resident\uff09\">Ng\u01b0\u01a1\u0300i vi\u0303nh tru\u0301\uff08Permanent Resident\uff09<\/option><option value=\"V\u01a1\u0323 ho\u0103\u0323c ch\u00f4\u0300ng cu\u0309a ng\u01b0\u01a1\u0300i Nh\u00e2\u0323t v.v.\uff08Spouse \uff4f\uff52 Child of Japanese Nationals\uff09\">V\u01a1\u0323 ho\u0103\u0323c ch\u00f4\u0300ng cu\u0309a ng\u01b0\u01a1\u0300i Nh\u00e2\u0323t v.v.\uff08Spouse \uff4f\uff52 Child of Japanese Nationals\uff09<\/option><option value=\"V\u01a1\u0323 ho\u0103\u0323c ch\u00f4\u0300ng cu\u0309a ng\u01b0\u01a1\u0300i vi\u0303nh tru\u0301 v.v.\uff08Spouse \uff4f\uff52 Child of Permanent Resident\uff09\">V\u01a1\u0323 ho\u0103\u0323c ch\u00f4\u0300ng cu\u0309a ng\u01b0\u01a1\u0300i vi\u0303nh tru\u0301 v.v.\uff08Spouse \uff4f\uff52 Child of Permanent Resident\uff09<\/option><option value=\"Ng\u01b0\u01a1\u0300i \u0111i\u0323nh tru\u0301\uff08Long-term Resident\uff09\">Ng\u01b0\u01a1\u0300i \u0111i\u0323nh tru\u0301\uff08Long-term Resident\uff09<\/option><option value=\"Gia\u0301o du\u0323c\uff08Instructor\uff09\">Gia\u0301o du\u0323c\uff08Instructor\uff09<\/option><option value=\"Ky\u0303 thu\u00e2\u0323t, Ki\u00ea\u0301n th\u01b0\u0301c nh\u00e2n v\u0103n- Nghi\u00ea\u0323p vu\u0323 qu\u00f4\u0301c t\u00ea\u0301\uff08Engineer \/ Specialist in Humanities \/ International Services\uff09\">Ky\u0303 thu\u00e2\u0323t, Ki\u00ea\u0301n th\u01b0\u0301c nh\u00e2n v\u0103n- Nghi\u00ea\u0323p vu\u0323 qu\u00f4\u0301c t\u00ea\u0301\uff08Engineer \/ Specialist in Humanities \/ International Services\uff09<\/option><option value=\"Th\u01b0\u0323c t\u00e2\u0323p ky\u0303 n\u0103ng\uff08Technical Intern Training\uff09\">Th\u01b0\u0323c t\u00e2\u0323p ky\u0303 n\u0103ng\uff08Technical Intern Training\uff09<\/option><option value=\"Du ho\u0323c sinh\uff08Student\uff09\">Du ho\u0323c sinh\uff08Student\uff09<\/option><option value=\"\u01a0\u0309 la\u0323i v\u01a1\u0301i  gia \u0111i\u0300nh\uff08Dependent\uff09\">\u01a0\u0309 la\u0323i v\u01a1\u0301i  gia \u0111i\u0300nh\uff08Dependent\uff09<\/option><option value=\"Hoa\u0323t \u0111\u00f4\u0323ng \u0111\u0103\u0323c bi\u00ea\u0323t\uff08Designated Activities\uff09\">Hoa\u0323t \u0111\u00f4\u0323ng \u0111\u0103\u0323c bi\u00ea\u0323t\uff08Designated Activities\uff09<\/option><option value=\"Qu\u00f4\u0301c ti\u0323ch Nh\u00e2\u0323t Ba\u0309n\uff08Japanese\uff09\">Qu\u00f4\u0301c ti\u0323ch Nh\u00e2\u0323t Ba\u0309n\uff08Japanese\uff09<\/option><option value=\"Ngoa\u0300i ra\uff08Others\uff09\">Ngoa\u0300i ra\uff08Others\uff09<\/option><\/select><\/span><\/label>\n<\/p>\n<p><label>Li\u0303nh v\u01b0\u0323c co\u0301 th\u00ea\u0309 t\u01b0 v\u00e2\u0301n \uff0a<br \/>\n<span class=\"wpcf7-form-control-wrap\" data-name=\"your-category\"><select class=\"wpcf7-form-control wpcf7-select wpcf7-validates-as-required\" aria-required=\"true\" aria-invalid=\"false\" name=\"your-category\"><option value=\"Vi\u00ea\u0323c la\u0300m\">Vi\u00ea\u0323c la\u0300m<\/option><option value=\"Tr\u01b0\u01a1\u0300ng ho\u0323c\">Tr\u01b0\u01a1\u0300ng ho\u0323c<\/option><option value=\"S\u01b0\u0301c kho\u0309e\">S\u01b0\u0301c kho\u0309e<\/option><option value=\"Gia \u0111i\u0300nh\">Gia \u0111i\u0300nh<\/option><option value=\"Phu\u0301c l\u01a1\u0323i xa\u0303 h\u00f4\u0323i, ba\u0309o hi\u00ea\u0309m\">Phu\u0301c l\u01a1\u0323i xa\u0303 h\u00f4\u0323i, ba\u0309o hi\u00ea\u0309m<\/option><option value=\"Nh\u01b0\u0303ng v\u00e2\u0301n \u0111\u00ea\u0300 kha\u0301c\">Nh\u01b0\u0303ng v\u00e2\u0301n \u0111\u00ea\u0300 kha\u0301c<\/option><\/select><\/span><\/label>\n<\/p>\n<p><label>N\u00f4\u0323i dung t\u01b0 v\u00e2\u0301n \uff0a<br \/>\n<span class=\"wpcf7-form-control-wrap\" data-name=\"your-message\"><textarea cols=\"40\" rows=\"10\" maxlength=\"2000\" class=\"wpcf7-form-control wpcf7-textarea\" aria-invalid=\"false\" name=\"your-message\"><\/textarea><\/span><\/label>\n<\/p>\n<div style=\"text-align:center\">\n\t<p>N\u00ea\u0301u th\u00e2\u0301y \u0111\u01b0\u01a1\u0323c r\u00f4\u0300i thi\u0300 nh\u00e2\u0301n nu\u0301t g\u01b0\u0309i \u0111i\n\t<\/p>\n<\/div>\n<p><input class=\"wpcf7-form-control wpcf7-submit has-spinner\" type=\"submit\" value=\"G\u01b0\u0309i\" \/>\n<\/p><p style=\"display: none !important;\" class=\"akismet-fields-container\" data-prefix=\"_wpcf7_ak_\"><label>&#916;<textarea name=\"_wpcf7_ak_hp_textarea\" cols=\"45\" rows=\"8\" maxlength=\"100\"><\/textarea><\/label><input type=\"hidden\" id=\"ak_js_1\" name=\"_wpcf7_ak_js\" value=\"1\"\/><script>document.getElementById( \"ak_js_1\" ).setAttribute( \"value\", ( new Date() ).getTime() );<\/script><\/p><div class=\"wpcf7-response-output\" aria-hidden=\"true\"><\/div>\n<\/form>\n<\/div>\n\n","protected":false},"excerpt":{"rendered":"\u0110\u1ec1 ph\u00f2ng C\u00e2\u0300n m\u00e2\u0301t m\u00f4\u0323t th\u01a1\u0300i gian \u0111\u00ea\u0309 tra\u0309 l\u01a1\u0300i Kh\u00f4ng th\u00ea\u0309 \u0111\u00f4\u0301i \u01b0\u0301ng v\u01a1\u0301i nh\u01b0\u0303ng tr\u01b0\u01a1\u0300ng h\u01a1\u0323p c\u00e2\u0300n t\u01b0 v\u00e2\u0301n g\u00e2\u0301p. Trong tr\u01b0\u01a1\u0300ng h\u01a1\u0323p kh\u00e2\u0309n c\u00e2\u0301p, ha\u0303y li\u00ean la\u0323c tr\u01b0\u0323c ti\u00ea\u0301p \u0111\u00ea\u0301n c\u01a1 quan chuy\u00ean m\u00f4n v.v.\u3000(khi xa\u0309y ra vu\u0323 a\u0301n, tai na\u0323n thi\u0300 go\u0323i s\u00f4\u0301 110, khi co\u0301 ho\u0309a hoa\u0323n, b\u00ea\u0323nh c\u00e2\u0300n c\u00e2\u0301p c\u01b0\u0301u thi\u0300 go\u0323i s\u00f4\u0301 119) Chu\u0301ng t\u00f4i se\u0303 g\u01b0\u0309i c\u00e2u tra\u0309 l\u01a1\u0300i qua \u0111i\u0323a chi\u0309 e-mail. V\u00e2\u0323y n\u00ean xin ha\u0303y nh\u01a1\u0301 ghi \u0111i\u0323a chi\u0309 e-mail va\u0300o. Chu\u0301ng t\u00f4i se\u0303 qua\u0309n ly\u0301 nh\u01b0\u0303ng th\u00f4ng tin ca\u0301 nh\u00e2n th\u00e2\u0323t c\u00e2\u0309n th\u00e2\u0323n, va\u0300 chi\u0309 s\u01b0\u0309 du\u0323ng \u0111\u00ea\u0309 tra\u0309 l\u01a1\u0300i \u0111\u00f4\u0301i v\u01a1\u0301i vi\u00ea\u0323c c\u00e2\u0300n t\u01b0 v\u00e2\u0301n.","protected":false},"author":1,"featured_media":0,"parent":0,"menu_order":2,"comment_status":"closed","ping_status":"closed","template":"","meta":{"footnotes":""},"class_list":["post-57","page","type-page","status-publish","hentry"],"_links":{"self":[{"href":"https:\/\/kccfr.jp\/vn\/wp-json\/wp\/v2\/pages\/57","targetHints":{"allow":["GET"]}}],"collection":[{"href":"https:\/\/kccfr.jp\/vn\/wp-json\/wp\/v2\/pages"}],"about":[{"href":"https:\/\/kccfr.jp\/vn\/wp-json\/wp\/v2\/types\/page"}],"author":[{"embeddable":true,"href":"https:\/\/kccfr.jp\/vn\/wp-json\/wp\/v2\/users\/1"}],"replies":[{"embeddable":true,"href":"https:\/\/kccfr.jp\/vn\/wp-json\/wp\/v2\/comments?post=57"}],"version-history":[{"count":2,"href":"https:\/\/kccfr.jp\/vn\/wp-json\/wp\/v2\/pages\/57\/revisions"}],"predecessor-version":[{"id":113,"href":"https:\/\/kccfr.jp\/vn\/wp-json\/wp\/v2\/pages\/57\/revisions\/113"}],"wp:attachment":[{"href":"https:\/\/kccfr.jp\/vn\/wp-json\/wp\/v2\/media?parent=57"}],"curies":[{"name":"wp","href":"https:\/\/api.w.org\/{rel}","templated":true}]}}