{"id":59,"date":"2019-05-24T11:24:55","date_gmt":"2019-05-24T02:24:55","guid":{"rendered":"https:\/\/kccfr.jp\/vn\/?page_id=59"},"modified":"2025-05-13T16:42:32","modified_gmt":"2025-05-13T07:42:32","slug":"useful","status":"publish","type":"page","link":"https:\/\/kccfr.jp\/vn\/useful\/","title":{"rendered":"Nh\u01b0\u0303ng th\u00f4ng tin h\u01b0\u0303u i\u0301ch cho cu\u00f4\u0323c s\u00f4\u0301ng  (\u0111a ng\u00f4n ng\u01b0\u0303)"},"content":{"rendered":"<h3 class=\"style3b\">Nh\u01b0\u0303ng v\u00e2\u0301n \u0111\u00ea\u0300 v\u00ea\u0300 cu\u00f4\u0323c s\u00f4\u0301ng<\/h3>\n<ul>\n<li><a href=\"https:\/\/www.moj.go.jp\/isa\/support\/portal\/\" target=\"_blank\" rel=\"noopener\">Trang h\u1ed7 tr\u1ee3 \u0111\u1eddi s\u1ed1ng d\u00e0nh cho ng\u01b0\u1eddi n\u01b0\u1edbc ngo\u00e0i (\u0110a ng\u00f4n ng\u1eef) \/ C\u1ee5c qu\u1ea3n l\u00fd xu\u1ea5t nh\u1eadp c\u1ea3nh<\/a><\/li>\n<li><a href=\"https:\/\/www.clair.or.jp\/j\/multiculture\/\" target=\"_blank\" rel=\"noopener\">C\u1ed9ng sinh \u0111a v\u0103n h\u00f3a v.v. \/ Hi\u1ec7p h\u1ed9i qu\u1ed1c t\u1ebf h\u00f3a c\u01a1 quan h\u00e0nh ch\u00ednh \u0111\u1ecba ph\u01b0\u01a1ng (CLAIR)<\/a><\/li>\n<\/ul>\n<h3 class=\"style3b\">Nh\u01b0\u0303ng v\u00e2\u0301n \u0111\u00ea\u0300 li\u00ean quan \u0111\u00ea\u0301n b\u00ea\u0323nh vi\u00ea\u0323n va\u0300 s\u01b0\u0301c kho\u0309e<\/h3>\n<ul>\n<li><a href=\"http:\/\/www.kifjp.org\/medical\/\" target=\"_blank\" rel=\"noopener noreferrer\">Phi\u00ea\u0301u ch\u00e2\u0309n \u0111oa\u0301n y t\u00ea\u0301 \u0111a ng\u00f4n ng\u01b0\u0303\/ H\u00f4\u0323i giao l\u01b0u qu\u00f4\u0301c t\u00ea\u0301 Hearty Konandai Pha\u0301p nh\u00e2n NPO T\u00f4\u0309 ch\u01b0\u0301c giao l\u01b0u qu\u00f4\u0301c t\u00ea\u0301 Kanagawa<\/a><\/li>\n<li><a href=\"https:\/\/www.amdamedicalcenter.com\/\" target=\"_blank\" rel=\"noopener noreferrer\">Phi\u00ea\u0301u c\u00e2u ho\u0309i ch\u00e2\u0309n \u0111oa\u0301n b\u0103\u0300ng nhi\u00ea\u0300u th\u01b0\u0301 ti\u00ea\u0301ng v.v.\/ Trung t\u00e2m th\u00f4ng tin y t\u00ea\u0301 qu\u00f4\u0301c t\u00ea\u0301 AMDA<\/a><\/li>\n<li><a href=\"http:\/\/www.tabunka.jp\/hyogo\/119\/\" target=\"_blank\" rel=\"noopener noreferrer\">Phi\u00ea\u0301u thu th\u00e2\u0323p th\u00f4ng tin khi c\u00e2\u0301p c\u01b0\u0301u \u0111a ng\u00f4n ng\u01b0\u0303\/ Trung t\u00e2m c\u00f4\u0323ng \u0111\u00f4\u0300ng \u0111a v\u0103n ho\u0301a Hyogo<\/a><\/li>\n<li><a href=\"https:\/\/www.iryou.teikyouseido.mhlw.go.jp\/znk-web\/juminkanja\/S2310\/initialize?pref=39\" target=\"_blank\" rel=\"noopener noreferrer\">Ti\u0300m b\u00ea\u0323nh vi\u00ea\u0323n b\u0103\u0300ng ti\u00ea\u0301ng Anh\/ M\u1ea1ng th\u00f4ng tin y t\u1ebf\uff08NAVII\uff09<\/a><\/li>\n<li><a href=\"https:\/\/www.mhlw.go.jp\/stf\/seisakunitsuite\/bunya\/kenkou_iryou\/iryou\/kokusai\/setsumei-ml.html\" target=\"_blank\" rel=\"noopener noreferrer\">B\u1ed9 Y t\u1ebf, Lao \u0111\u1ed9ng v\u00e0 Ph\u00fac l\u1ee3i &#8220;t\u00e0i li\u1ec7u gi\u1ea3i th\u00edch \u0111a ng\u00f4n ng\u1eef cho ng\u01b0\u1eddi n\u01b0\u1edbc ngo\u00e0i&#8221;<\/a><\/li>\n<\/ul>\n<h3 class=\"style3b\">Vi\u00ea\u0323c ba\u0309o v\u00ea\u0323 ba\u0309n th\u00e2n thoa\u0301t kho\u0309i tha\u0309m ho\u0323a thi\u00ean tai<\/h3>\n<ul>\n<li><a href=\"http:\/\/www.mlit.go.jp\/en\/\" target=\"_blank\" rel=\"noopener noreferrer\">Trung t\u00e2m th\u00f4ng tin v\u00ea\u0300 pho\u0300ng ch\u00f4\u0301ng tha\u0309m ho\u0323a thi\u00ean tai<\/a><\/li>\n<li><a href=\"http:\/\/www.jma.go.jp\/jma\/\" target=\"_blank\" rel=\"noopener noreferrer\">Th\u00f4ng tin khi\u0301 t\u01b0\u01a1\u0323ng thi\u00ean tai<\/a><\/li>\n<li><a href=\"http:\/\/www.kochi-kia.or.jp\/earthquake\/\" target=\"_blank\" rel=\"noopener noreferrer\">\u0110\u00ea\u0300 pho\u0300ng \u0111\u00f4\u0323ng \u0111\u00e2\u0301t Nankai\/ Hi\u00ea\u0323p h\u00f4\u0323i giao l\u01b0u qu\u00f4\u0301c t\u00ea\u0301 ti\u0309nh Kochi<\/a><\/li>\n<li><a href=\"https:\/\/www.pref.kochi.lg.jp\/soshiki\/010101\/2020040200015.html\" target=\"_blank\" rel=\"noopener\">\u1ee8ng d\u1ee5ng Ph\u00f2ng ch\u1ed1ng thi\u00ean tai t\u1ec9nh Kochi \/ Ph\u00f2ng Qu\u1ea3n l\u00fd kh\u1ee7ng ho\u1ea3ng v\u00e0 ph\u00f2ng ch\u1ed1ng thi\u00ean tai &#8211; S\u1edf Qu\u1ea3n l\u00fd kh\u1ee7ng ho\u1ea3ng t\u1ec9nh Kochi<\/a><\/li>\n<\/ul>\n<h3 class=\"style3b\">T\u01b0 ca\u0301ch l\u01b0u tru\u0301<\/h3>\n<ul>\n<li><a href=\"http:\/\/www.immi-moj.go.jp\/\" target=\"_blank\" rel=\"noopener noreferrer\">L\u00e2\u0301y t\u01b0 ca\u0301ch l\u01b0u tru\u0301 v.v. \/ Cu\u0323c qua\u0309n ly\u0301 nh\u00e2\u0323p ca\u0309nh<\/a><\/li>\n<\/ul>\n<h3 class=\"style3b\">Nh\u01b0\u0303ng v\u00e2\u0301n \u0111\u00ea\u0300 v\u00ea\u0300 pha\u0301p lu\u00e2\u0323t<\/h3>\n<ul>\n<li><a href=\"https:\/\/www.houterasu.or.jp\/multilingual\/\" target=\"_blank\" rel=\"noopener noreferrer\">Di\u0323ch vu\u0323 cung c\u00e2\u0301p th\u00f4ng tin v\u00ea\u0300 ch\u00ea\u0301 \u0111\u00f4\u0323 pha\u0301p lu\u00e2\u0323t v.v.\/ Trung t\u00e2m h\u00f4\u0303 tr\u01a1\u0323 v\u00ea\u0300 pha\u0301p lu\u00e2\u0323t<\/a><\/li>\n<\/ul>\n<h3 class=\"style3b\">Nh\u01b0\u0303ng v\u00e2\u0301n \u0111\u00ea\u0300 v\u00ea\u0300 vi\u00ea\u0323c la\u0300m<\/h3>\n<ul>\n<li><a href=\"https:\/\/www.otit.go.jp\/\" target=\"_blank\" rel=\"noopener noreferrer\">T\u01b0 v\u00e2\u0301n b\u0103\u0300ng ti\u00ea\u0301ng me\u0323 \u0111e\u0309\/ C\u01a1 quan qua\u0309n ly\u0301 th\u01b0\u0323c t\u00e2\u0323p sinh ky\u0303 n\u0103ng ng\u01b0\u01a1\u0300i n\u01b0\u01a1\u0301c ngoa\u0300i<\/a><\/li>\n<li><a href=\"https:\/\/www.mhlw.go.jp\/stf\/seisakunitsuite\/bunya\/koyou_roudou\/roudoukijun\/foreign\/\" target=\"_blank\" rel=\"noopener noreferrer\">T\u01b0 v\u00e2\u0301n qua \u0111i\u00ea\u0323n thoa\u0323i cho ng\u01b0\u01a1\u0300i lao \u0111\u00f4\u0323ng ng\u01b0\u01a1\u0300i n\u01b0\u01a1\u0301c ngoa\u0300i\/ B\u00f4\u0323 Y t\u00ea\u0301- Lao \u0111\u00f4\u0323ng- Phu\u0301c l\u01a1\u0323i xa\u0303 h\u00f4\u0323i<\/a><\/li>\n<\/ul>\n<h3 class=\"style3b\">V\u1ec1 nh\u00e0 \u1edf<\/h3>\n<ul>\n<li><a href=\"https:\/\/www.jpm.jp\/multilingual\/\" target=\"_blank\" rel=\"noopener\">C\u00f4ng ty b\u1ea5t \u0111\u1ed9ng s\u1ea3n c\u00f3 th\u1ec3 n\u00f3i ngo\u1ea1i ng\u1eef \/ Hi\u1ec7p h\u1ed9i qu\u1ea3n l\u00fd nh\u00e0 cho thu\u00ea Nh\u1eadt B\u1ea3n<\/a><\/li>\n<li><a href=\"https:\/\/www.safetynet-jutaku.jp\/guest\/index.php\" target=\"_blank\" rel=\"noopener\">H\u1ec7 th\u1ed1ng cung c\u1ea5p th\u00f4ng tin nh\u00e0 \u1edf Safety Net (Trang t\u00ecm ki\u1ebfm &#8211; Xem th\u00f4ng tin &#8211; \u0110\u0103ng k\u00fd thu\u00ea nh\u00e0)<\/a><\/li>\n<li><a href=\"https:\/\/www.pref.kochi.lg.jp\/soshiki\/171901\/2018060100071.htm\" target=\"_blank\" rel=\"noopener\">V\u1ec1 c\u00f4ng ty h\u1ed7 tr\u1ee3 nh\u00e0 \u1edf cho nh\u1eefng ng\u01b0\u1eddi c\u1ea7n \u0111\u01b0\u1ee3c xem x\u00e9t \u0111\u1eb7c bi\u1ec7t \/ Ph\u00f2ng Nh\u00e0 \u1edf &#8211; S\u1edf X\u00e2y d\u1ef1ng d\u00e2n d\u1ee5ng t\u1ec9nh Kochi<\/a><\/li>\n<\/ul>\n<h3 class=\"style3b\">Nh\u01b0\u0303ng v\u00e2\u0301n \u0111\u00ea\u0300 kha\u0301c<\/h3>\n<ul>\n<li><a href=\"http:\/\/www.moj.go.jp\/JINKEN\/jinken21.html\" target=\"_blank\" rel=\"noopener noreferrer\">T\u01b0 v\u00e2\u0301n qua \u0111i\u00ea\u0323n thoa\u0323i v\u00ea\u0300 nh\u00e2n quy\u00ea\u0300n cu\u0309a ng\u01b0\u01a1\u0300i lao \u0111\u00f4\u0323ng ng\u01b0\u01a1\u0300i n\u01b0\u01a1\u0301c ngoa\u0300i\/ B\u00f4\u0323 T\u01b0 pha\u0301p<\/a><\/li>\n<li><a href=\"https:\/\/www.since2011.net\/yorisoi\/\" target=\"_blank\" rel=\"noopener noreferrer\">\u0110\u01b0\u01a1\u0300ng d\u00e2y no\u0301ng Yorisoi<\/a><\/li>\n<li><a href=\"https:\/\/www3.nhk.or.jp\/news\/easy\/\" target=\"_blank\" rel=\"noopener noreferrer\">Website pha\u0301t tin t\u01b0\u0301c b\u0103\u0300ng ti\u00ea\u0301ng Nh\u00e2\u0323t d\u00ea\u0303 hi\u00ea\u0309u\/ \u0110a\u0300i NHK<\/a><\/li>\n<li><a href=\"https:\/\/www.moj.go.jp\/isa\/support\/fresc\/fresc_2.html\" target=\"_blank\" rel=\"noopener\">B\u00e0n t\u01b0 v\u1ea5n FRESC (Trung t\u00e2m h\u1ed7 tr\u1ee3 l\u01b0u tr\u00fa cho ng\u01b0\u1eddi n\u01b0\u1edbc ngo\u00e0i) \/ C\u1ee5c qu\u1ea3n l\u00fd xu\u1ea5t nh\u1eadp c\u1ea3nh<\/a><\/li>\n<\/ul>\n<h3 class=\"style3b\">Nh\u01b0\u0303ng v\u00e2\u0301n \u0111\u00ea\u0300 v\u00ea\u0300 vi\u00ea\u0323c ho\u0323c ti\u00ea\u0301ng Nh\u00e2\u0323t<\/h3>\n<h4 class=\"style4a\">L\u01a1\u0301p ho\u0323c ti\u00ea\u0301ng Nh\u00e2\u0323t<\/h4>\n<table style=\"border-collapse: collapse;width: 100%\">\n<tbody>\n<tr>\n<th style=\"width: 25%\">\u0110i\u0323a \u0111i\u00ea\u0309m<\/th>\n<th style=\"width: 75%\">C\u01a1 quan \u0111i\u00ea\u0300u ha\u0300nh<\/th>\n<\/tr>\n<tr>\n<td style=\"width: 25%\" rowspan=\"3\">Tha\u0300nh ph\u00f4\u0301 Kochi<\/td>\n<td style=\"width: 75%\"><a href=\"http:\/\/www.kochi-kia.or.jp\/info\/kia.html#nihongo\" target=\"_blank\" rel=\"noopener noreferrer\">Hi\u00ea\u0323p h\u00f4\u0323i giao l\u01b0u qu\u00f4\u0301c t\u00ea\u0301 ti\u0309nh Kochi (KIA)<\/a><\/td>\n<\/tr>\n<tr>\n<td style=\"width: 75%\"><a href=\"http:\/\/nihongo.grupo.jp\/\" target=\"_blank\" rel=\"noopener noreferrer\">Trung t\u00e2m ti\u00ea\u0301ng Nh\u00e2\u0323t Kochi<\/a><\/td>\n<\/tr>\n<tr>\n<td style=\"width: 75%\"><a href=\"http:\/\/www.u-kochi.ac.jp\/site\/cie\/\" target=\"_blank\" rel=\"noopener noreferrer\">Trung t\u00e2m giao l\u01b0u qu\u00f4\u0301c t\u00ea\u0301 \u0111a\u0323i ho\u0323c ti\u0309nh Kochi<\/a><\/td>\n<\/tr>\n<tr>\n<td style=\"width: 25%\">Tha\u0300nh ph\u00f4\u0301 Nankoku<\/td>\n<td style=\"width: 75%\"><a href=\"http:\/\/blog.livedoor.jp\/nacia\/\" target=\"_blank\" rel=\"noopener noreferrer\">Hi\u00ea\u0323p h\u00f4\u0323i giao l\u01b0u qu\u00f4\u0301c t\u00ea\u0301 tha\u0300nh ph\u00f4\u0301 Nankoku (NIA)<\/a><\/td>\n<\/tr>\n<tr>\n<td style=\"width: 25%\">Tha\u0300nh ph\u00f4\u0301 Tosa<\/td>\n<td style=\"width: 75%\"><a href=\"https:\/\/www.facebook.com\/nihongosalontosa\/\" target=\"_blank\" rel=\"noopener noreferrer\">Trung t\u00e2m ti\u00ea\u0301ng Nh\u00e2\u0323t Kochi-Chi nha\u0301nh Tosa<\/a><\/td>\n<\/tr>\n<\/tbody>\n<\/table>\n<p>*Nh\u01b0\u0303ng ng\u01b0\u01a1\u0300i kh\u00f4ng th\u00ea\u0309 \u0111\u00ea\u0301n l\u01a1\u0301p ti\u00ea\u0301ng Nh\u00e2\u0323t do c\u00f4ng vi\u00ea\u0323c ho\u0103\u0323c b\u00e2\u0323n vi\u00ea\u0323c gia \u0111i\u0300nh v.v. thi\u0300 ha\u0303y ba\u0300n v\u01a1\u0301i KIA.<\/p>\n<h4 class=\"style4a\">Tr\u01b0\u01a1\u0300ng ho\u0323c ti\u00ea\u0301ng Nh\u00e2\u0323t<\/h4>\n<ul>\n<li><a href=\"http:\/\/www.ryoma.ac.jp\/japanese\/\" target=\"_blank\" rel=\"noopener noreferrer\">Ho\u0323c vi\u00ea\u0323n Ryoma Gakuen Tr\u01b0\u01a1\u0300ng cao \u0111\u0103\u0309ng thi\u00ea\u0301t k\u00ea\u0301 my\u0303 thu\u00e2\u0323t qu\u00f4\u0301c t\u00ea\u0301 Khoa ti\u00ea\u0301ng Nh\u00e2\u0323t<\/a><\/li>\n<\/ul>\n","protected":false},"excerpt":{"rendered":"Nh\u01b0\u0303ng v\u00e2\u0301n \u0111\u00ea\u0300 v\u00ea\u0300 cu\u00f4\u0323c s\u00f4\u0301ng Trang h\u1ed7 tr\u1ee3 \u0111\u1eddi s\u1ed1ng d\u00e0nh cho ng\u01b0\u1eddi n\u01b0\u1edbc ngo\u00e0i (\u0110a ng\u00f4n ng\u1eef) \/ C\u1ee5c qu\u1ea3n l\u00fd xu\u1ea5t nh\u1eadp c\u1ea3nh C\u1ed9ng sinh \u0111a v\u0103n h\u00f3a v.v. \/ Hi\u1ec7p h\u1ed9i qu\u1ed1c t\u1ebf h\u00f3a c\u01a1 quan h\u00e0nh ch\u00ednh \u0111\u1ecba ph\u01b0\u01a1ng (CLAIR) Nh\u01b0\u0303ng v\u00e2\u0301n \u0111\u00ea\u0300 li\u00ean quan \u0111\u00ea\u0301n b\u00ea\u0323nh vi\u00ea\u0323n va\u0300 s\u01b0\u0301c kho\u0309e Phi\u00ea\u0301u ch\u00e2\u0309n \u0111oa\u0301n y t\u00ea\u0301 \u0111a ng\u00f4n ng\u01b0\u0303\/ H\u00f4\u0323i giao l\u01b0u qu\u00f4\u0301c t\u00ea\u0301 Hearty Konandai Pha\u0301p nh\u00e2n NPO T\u00f4\u0309 ch\u01b0\u0301c giao l\u01b0u qu\u00f4\u0301c t\u00ea\u0301 Kanagawa Phi\u00ea\u0301u c\u00e2u ho\u0309i ch\u00e2\u0309n \u0111oa\u0301n b\u0103\u0300ng nhi\u00ea\u0300u th\u01b0\u0301 ti\u00ea\u0301ng v.v.\/ Trung t\u00e2m th\u00f4ng tin y t\u00ea\u0301 qu\u00f4\u0301c t\u00ea\u0301 AMDA Phi\u00ea\u0301u thu th\u00e2\u0323p th\u00f4ng tin khi c\u00e2\u0301p c\u01b0\u0301u \u0111a ng\u00f4n [&hellip;]","protected":false},"author":1,"featured_media":0,"parent":0,"menu_order":3,"comment_status":"closed","ping_status":"closed","template":"","meta":{"footnotes":""},"class_list":["post-59","page","type-page","status-publish","hentry"],"_links":{"self":[{"href":"https:\/\/kccfr.jp\/vn\/wp-json\/wp\/v2\/pages\/59","targetHints":{"allow":["GET"]}}],"collection":[{"href":"https:\/\/kccfr.jp\/vn\/wp-json\/wp\/v2\/pages"}],"about":[{"href":"https:\/\/kccfr.jp\/vn\/wp-json\/wp\/v2\/types\/page"}],"author":[{"embeddable":true,"href":"https:\/\/kccfr.jp\/vn\/wp-json\/wp\/v2\/users\/1"}],"replies":[{"embeddable":true,"href":"https:\/\/kccfr.jp\/vn\/wp-json\/wp\/v2\/comments?post=59"}],"version-history":[{"count":6,"href":"https:\/\/kccfr.jp\/vn\/wp-json\/wp\/v2\/pages\/59\/revisions"}],"predecessor-version":[{"id":1212,"href":"https:\/\/kccfr.jp\/vn\/wp-json\/wp\/v2\/pages\/59\/revisions\/1212"}],"wp:attachment":[{"href":"https:\/\/kccfr.jp\/vn\/wp-json\/wp\/v2\/media?parent=59"}],"curies":[{"name":"wp","href":"https:\/\/api.w.org\/{rel}","templated":true}]}}