{"id":991,"date":"2024-08-08T11:25:52","date_gmt":"2024-08-08T02:25:52","guid":{"rendered":"https:\/\/kccfr.jp\/vn\/?page_id=991"},"modified":"2024-08-08T11:25:52","modified_gmt":"2024-08-08T02:25:52","slug":"supporter-program","status":"publish","type":"page","link":"https:\/\/kccfr.jp\/vn\/supporter-program\/","title":{"rendered":"C\u1ed9ng t\u00e1c vi\u00ean c\u1ee7a Trung t\u00e2m t\u01b0 v\u1ea5n v\u1ec1 cu\u1ed9c s\u1ed1ng cho ng\u01b0\u1eddi n\u01b0\u1edbc ngo\u00e0i t\u1ec9nh Kochi (Kocoforre)"},"content":{"rendered":"<p>Trung t\u00e2m t\u01b0 v\u1ea5n v\u1ec1 cu\u1ed9c s\u1ed1ng cho ng\u01b0\u1eddi n\u01b0\u1edbc ngo\u00e0i t\u1ec9nh Kochi (Kocoforre) \u0111ang tuy\u1ec3n &#8220;c\u1ed9ng t\u00e1c vi\u00ean&#8221; h\u1ed7 tr\u1ee3 ng\u01b0\u1eddi n\u01b0\u1edbc ngo\u00e0i ch\u01b0a quen v\u1edbi ti\u1ebfng Nh\u1eadt v\u00e0 cu\u1ed9c s\u1ed1ng \u1edf Nh\u1eadt.<\/p>\n<p><a href=\"https:\/\/kccfr.jp\/wp-content\/uploads\/2023\/10\/d25d03123af8933a64c061f602708aa8.pdf\" target=\"_blank\" rel=\"noopener\"><img decoding=\"async\" class=\"size-full wp-image-3835\" src=\"https:\/\/kccfr.jp\/wp-content\/uploads\/2023\/10\/d722907df21102e5df8b9c6ad9b3a2cf.jpg\" alt=\"\" width=\"280\" \/><br \/>\nT\u1edd r\u01a1i tuy\u1ec3n d\u1ee5ng c\u1ed9ng t\u00e1c vi\u00ean c\u1ee7a Trung t\u00e2m t\u01b0 v\u1ea5n v\u1ec1 cu\u1ed9c s\u1ed1ng cho ng\u01b0\u1eddi n\u01b0\u1edbc ngo\u00e0i t\u1ec9nh Kochi<\/a><\/p>\n<p class=\"well2\">\u26ab\ufe0e <a href=\"#supporter-1\">C\u00f4ng vi\u1ec7c ch\u00ednh c\u1ee7a c\u1ed9ng t\u00e1c vi\u00ean<\/a><br \/>\n\u26ab\ufe0e <a href=\"#supporter-2\">Nh\u1eefng ng\u01b0\u1eddi c\u00f3 th\u1ec3 \u0111\u0103ng k\u00fd tr\u1edf th\u00e0nh c\u1ed9ng t\u00e1c vi\u00ean<\/a><br \/>\n\u26ab\ufe0e <a href=\"#supporter-3\">C\u00e1ch \u0111\u0103ng k\u00fd l\u00e0m c\u1ed9ng t\u00e1c vi\u00ean<\/a><br \/>\n\u26ab\ufe0e <a href=\"#supporter-4\">Th\u00f4ng tin kh\u00e1c<\/a><br \/>\n\u26ab\ufe0e <a href=\"#supporter-5\">Quy tr\u00ecnh h\u1ecdat \u0111\u1ed9ng c\u1ee7a c\u1ed9ng t\u00e1c vi\u00ean<\/a><\/p>\n<h3 class=\"style3b\" style=\"border-top-color: #000000;\"><a id=\"supporter-1\"><\/a>C\u00f4ng vi\u1ec7c ch\u00ednh c\u1ee7a c\u1ed9ng t\u00e1c vi\u00ean<\/h3>\n<h4 class=\"style4a\" style=\"border-color: #000000;\">\u2460 H\u1ed7 tr\u1ee3 t\u1eadn t\u00ecnh<\/h4>\n<p>Khi ng\u01b0\u1eddi n\u01b0\u1edbc ngo\u00e0i c\u1ea7n h\u1ed7 tr\u1ee3 v\u1ec1 giao ti\u1ebfp, b\u1ea1n s\u1ebd \u0111i c\u00f9ng ng\u01b0\u1eddi \u0111\u00f3 \u0111\u1ebfn c\u00e1c c\u01a1 quan c\u00f3 li\u00ean quan (c\u01a1 quan h\u00e0nh ch\u00ednh v.v.), h\u1ed7 tr\u1ee3 ng\u01b0\u1eddi n\u01b0\u1edbc ngo\u00e0i l\u00e0m c\u00e1c th\u1ee7 t\u1ee5c b\u1eb1ng ng\u00f4n ng\u1eef m\u00e0 ng\u01b0\u1eddi n\u01b0\u1edbc ngo\u00e0i c\u00f3 th\u1ec3 hi\u1ec3u ho\u1eb7c b\u1eb1ng &#8220;ti\u1ebfng Nh\u1eadt d\u1ec5 hi\u1ec3u&#8221;*.<\/p>\n<p>*Ti\u1ebfng Nh\u1eadt d\u1ec5 hi\u1ec3u l\u00e0 ng\u00f4n ng\u1eef th\u01b0\u1eddng d\u00f9ng trong \u0111\u1eddi s\u1ed1ng h\u00e0ng ng\u00e0y, ng\u00f4n ng\u1eef \u0111\u01a1n gi\u1ea3n \u0111\u1ec3 ng\u01b0\u1eddi n\u01b0\u1edbc ngo\u00e0i c\u0169ng c\u00f3 th\u1ec3 hi\u1ec3u \u0111\u01b0\u1ee3c.<\/p>\n<h4 class=\"style4a\" style=\"border-color: #000000;\">\u2461 H\u1ed7 tr\u1ee3 c\u00e1c bu\u1ed5i t\u01b0 v\u1ea5n, s\u1ef1 ki\u1ec7n v.v.<\/h4>\n<p>B\u1ea1n s\u1ebd h\u1ed7 tr\u1ee3 truy\u1ec1n th\u00f4ng v\u00e0 v\u1eadn h\u00e0nh c\u00e1c s\u1ef1 ki\u1ec7n trong t\u1ec9nh nh\u01b0 &#8220;bu\u1ed5i t\u01b0 v\u1ea5n&#8221; d\u00e0nh cho ng\u01b0\u1eddi n\u01b0\u1edbc ngo\u00e0i v\u00e0 ng\u01b0\u1eddi Nh\u1eadt c\u00f3 li\u00ean quan \u0111\u1ebfn ng\u01b0\u1eddi n\u01b0\u1edbc ngo\u00e0i, s\u1ef1 ki\u1ec7n giao l\u01b0u qu\u1ed1c t\u1ebf v.v.<\/p>\n<h4 class=\"style4a\" style=\"border-color: #000000;\">\u2462 Bi\u00ean d\u1ecbch &#8211; Phi\u00ean d\u1ecbch<\/h4>\n<p>Nh\u1eefng ng\u01b0\u1eddi c\u00f3 tr\u00ecnh \u0111\u1ed9 ngo\u1ea1i ng\u1eef t\u1ed1t s\u1ebd ph\u1ee5 tr\u00e1ch bi\u00ean phi\u00ean d\u1ecbch cho c\u00e1c d\u1ecbch v\u1ee5 t\u01b0 v\u1ea5n c\u1ee7a Kocoforre khi c\u1ea7n thi\u1ebft (Ti\u1ebfng Nh\u1eadt \u21d4 ngo\u1ea1i ng\u1eef).<br \/>\n\u203bCh\u00fang t\u00f4i kh\u00f4ng h\u1ed7 tr\u1ee3 bi\u00ean phi\u00ean d\u1ecbch v\u00ec m\u1ee5c \u0111\u00edch th\u01b0\u01a1ng m\u1ea1i.<\/p>\n<p class=\"well3\">\u25cf V\u1ec1 m\u1ee5c \u2460 v\u00e0 \u2461 \u1edf tr\u00ean, b\u1ea1n kh\u00f4ng nh\u1ea5t thi\u1ebft ph\u1ea3i c\u00f3 tr\u00ecnh \u0111\u1ed9 ngo\u1ea1i ng\u1eef, h\u00e3y c\u1ed1 g\u1eafng n\u00f3i chuy\u1ec7n v\u1edbi ng\u01b0\u1eddi n\u01b0\u1edbc ngo\u00e0i b\u1eb1ng &#8220;ti\u1ebfng Nh\u1eadt d\u1ec5 hi\u1ec3u&#8221;. \u0110\u1ed1i v\u1edbi m\u1ee5c \u2462, ch\u00fang t\u00f4i s\u1ebd ch\u1ec9 nh\u1edd nh\u1eefng ng\u01b0\u1eddi c\u00f3 tr\u00ecnh \u0111\u1ed9 ng\u00f4n ng\u1eef nh\u1ea5t \u0111\u1ecbnh.<br \/>\n\u25cf Trong b\u1ea5t k\u00ec tr\u01b0\u1eddng h\u1ee3p n\u00e0o, khi c\u1ea7n s\u1ef1 h\u1ed7 tr\u1ee3 t\u1eeb c\u1ed9ng t\u00e1c vi\u00ean, Kocoforre s\u1ebd nh\u1edd c\u1ed9ng t\u00e1c vi\u00ean h\u1ed7 tr\u1ee3 ng\u01b0\u1eddi n\u01b0\u1edbc ngo\u00e0i.<\/p>\n<h3 class=\"style3b\" style=\"border-top-color: #000000;\"><a id=\"supporter-2\"><\/a>Nh\u1eefng ng\u01b0\u1eddi c\u00f3 th\u1ec3 \u0111\u0103ng k\u00fd tr\u1edf th\u00e0nh c\u1ed9ng t\u00e1c vi\u00ean<\/h3>\n<ul>\n<li>Nh\u1eefng ng\u01b0\u1eddi tr\u00ean 20 tu\u1ed5i (Kh\u00f4ng ph\u00e2n bi\u1ec7t qu\u1ed1c t\u1ecbch)<\/li>\n<li>Nh\u1eefng ng\u01b0\u1eddi c\u00f3 th\u1ec3 giao ti\u1ebfp v\u1edbi ng\u01b0\u1eddi n\u01b0\u1edbc ngo\u00e0i b\u1eb1ng &#8220;ti\u1ebfng Nh\u1eadt d\u1ec5 hi\u1ec3u&#8221; ho\u1eb7c b\u1eb1ng ti\u1ebfng n\u01b0\u1edbc ngo\u00e0i.<\/li>\n<\/ul>\n<h3 class=\"style3b\" style=\"border-top-color: #000000;\"><a id=\"supporter-3\"><\/a>C\u00e1ch \u0111\u0103ng k\u00fd l\u00e0m c\u1ed9ng t\u00e1c vi\u00ean<\/h3>\n<h4 class=\"style4a\" style=\"border-color: #000000;\">B\u01b0\u1edbc 1 \/ N\u1ed9p \u0111\u01a1n \u0111\u0103ng k\u00fd tr\u1edf th\u00e0nh t\u00ecnh nguy\u1ec7n vi\u00ean<\/h4>\n<p>C\u1ed9ng t\u00e1c vi\u00ean l\u00e0 m\u1ed9t b\u1ed9 ph\u1eadn t\u00ecnh nguy\u1ec7n vi\u00ean c\u1ee7a Hi\u1ec7p h\u1ed9i giao l\u01b0u qu\u1ed1c t\u1ebf t\u1ec9nh Kochi (KIA). B\u1ea1n h\u00e3y \u0111\u0103ng k\u00fd tr\u1edf th\u00e0nh c\u1ed9ng t\u00e1c vi\u00ean b\u1eb1ng c\u00e1ch t\u1ea3i \u0111\u01a1n \u0111\u0103ng k\u00fd tr\u1edf th\u00e0nh t\u00ecnh nguy\u1ec7n vi\u00ean c\u1ee7a KIA \u1edf cu\u1ed1i trang, \u0111i\u1ec1n nh\u1eefng m\u1ee5c b\u1eaft bu\u1ed9c v\u00e0 nguy\u1ec7n v\u1ecdng mong mu\u1ed1n sau \u0111\u00f3 n\u1ed9p \u0111\u01a1n qua Email, FAX, \u0111\u01b0\u1eddng b\u01b0u \u0111i\u1ec7n ho\u1eb7c n\u1ed9p tr\u1ef1c ti\u1ebfp.<\/p>\n<p>Khi \u0111\u0103ng k\u00fd tr\u1edf th\u00e0nh c\u1ed9ng t\u00e1c vi\u00ean c\u1ee7a Kocoforre, b\u1ea1n c\u0169ng c\u00f3 th\u1ec3 \u0111\u0103ng k\u00fd tr\u1edf th\u00e0nh t\u00ecnh nguy\u1ec7n vi\u00ean c\u1ee7a Hi\u1ec7p h\u1ed9i giao l\u01b0u qu\u1ed1c t\u1ebf t\u1ec9nh Kochi (KIA) (t\u00ecnh nguy\u1ec7n vi\u00ean ng\u00f4n ng\u1eef, t\u00ecnh nguy\u1ec7n vi\u00ean ng\u00f4n ng\u1eef khi c\u00f3 thi\u00ean tai, t\u00ecnh nguy\u1ec7n vi\u00ean ti\u1ebfng Nh\u1eadt, gia \u0111\u00ecnh b\u1ea3n x\u1ee9 ti\u1ebfp nh\u1eadn ng\u01b0\u1eddi n\u01b0\u1edbc ngo\u00e0i) (B\u1ea5m v\u00e0o \u0111\u00e2y \u0111\u1ec3 xem th\u00f4ng tin v\u1ec1 t\u00ecnh nguy\u1ec7n vi\u00ean KIA).<\/p>\n<p class=\"well\">N\u01a1i n\u1ed9p h\u1ed3 s\u01a1: Trung t\u00e2m t\u01b0 v\u1ea5n v\u1ec1 cu\u1ed9c s\u1ed1ng cho ng\u01b0\u1eddi n\u01b0\u1edbc ngo\u00e0i t\u1ec9nh Kochi<br \/>\n\u3012780-0870 4-1-37 Honmachi, Kochi-shi, Kochi<br \/>\nTEL 088-821-6440 FAX 088-821-6441<br \/>\nE-mail : <a href=\"mailto:consultation@kccfr.jp\">consultation@kccfr.jp<\/a><\/p>\n<h4 class=\"style4a\" style=\"border-color: #000000;\">B\u01b0\u1edbc 2 \/ Nghe h\u01b0\u1edbng d\u1eabn li\u00ean quan \u0111\u1ebfn c\u1ed9ng t\u00e1c vi\u00ean<\/h4>\n<p>Nh\u1eefng ng\u01b0\u1eddi mu\u1ed1n \u0111\u0103ng k\u00fd tr\u1edf th\u00e0nh c\u1ed9ng t\u00e1c vi\u00ean c\u1ee7a Kocoforre s\u1ebd \u0111\u01b0\u1ee3c nghe gi\u1ea3i th\u00edch chi ti\u1ebft v\u1ec1 c\u00e1c ho\u1ea1t \u0111\u1ed9ng c\u1ee7a c\u1ed9ng t\u00e1c vi\u00ean v\u00e0 nh\u1eefng \u0111i\u1ec1u c\u1ea7n l\u01b0u \u00fd (b\u1eb1ng ti\u1ebfng Nh\u1eadt) (ch\u1ec9 nghe m\u1ed9t l\u1ea7n, kho\u1ea3ng 1 ti\u1ebfng). B\u1ea1n c\u00f3 th\u1ec3 nghe h\u01b0\u1edbng d\u1eabn b\u1ea5t c\u1ee9 l\u00fac n\u00e0o nh\u01b0ng c\u1ea7n ph\u1ea3i h\u1eb9n tr\u01b0\u1edbc. Bu\u1ed5i h\u01b0\u1edbng d\u1eabn s\u1ebd \u0111\u01b0\u1ee3c t\u1ed5 ch\u1ee9c &#8220;tr\u1ef1c ti\u1ebfp&#8221; ho\u1eb7c &#8220;tr\u1ef1c tuy\u1ebfn&#8221; (Zoom), b\u1ea1n h\u00e3y cho ch\u00fang t\u00f4i bi\u1ebft b\u1ea1n h\u1eb9n nghe h\u01b0\u1edbng d\u1eabn theo h\u00ecnh th\u1ee9c n\u00e0o.<\/p>\n<p>Kh\u00f4ng c\u00f3 h\u01b0\u1edbng d\u1eabn d\u00e0nh cho t\u00ecnh nguy\u1ec7n vi\u00ean c\u1ee7a Hi\u1ec7p h\u1ed9i giao l\u01b0u qu\u1ed1c t\u1ebf t\u1ec9nh Kochi (KIA) (t\u00ecnh nguy\u1ec7n vi\u00ean ng\u00f4n ng\u1eef, t\u00ecnh nguy\u1ec7n vi\u00ean ng\u00f4n ng\u1eef khi c\u00f3 thi\u00ean tai, t\u00ecnh nguy\u1ec7n vi\u00ean ti\u1ebfng Nh\u1eadt, gia \u0111\u00ecnh b\u1ea3n x\u1ee9 ti\u1ebfp nh\u1eadn ng\u01b0\u1eddi n\u01b0\u1edbc ngo\u00e0i).<\/p>\n<h4 class=\"style4a\" style=\"border-color: #000000;\">B\u01b0\u1edbc 3 \/ \u0110\u0103ng k\u00fd l\u00e0m c\u1ed9ng t\u00e1c vi\u00ean<\/h4>\n<p>Sau khi k\u1ebft th\u00fac ph\u1ea7n h\u01b0\u1edbng d\u1eabn, b\u1ea1n s\u1ebd \u0111\u0103ng k\u00fd tr\u1edf th\u00e0nh &#8220;C\u1ed9ng t\u00e1c vi\u00ean Kocoforre&#8221;. Ch\u00fang t\u00f4i s\u1ebd li\u00ean l\u1ea1c v\u1edbi nh\u1eefng ng\u01b0\u1eddi \u0111\u00e3 \u0111\u0103ng k\u00fd (ch\u1ee7 y\u1ebfu qua email) khi c\u1ea7n s\u1ef1 h\u1ed7 tr\u1ee3 c\u1ee7a c\u1ed9ng t\u00e1c vi\u00ean, b\u1ea1n h\u00e3y cho ch\u00fang t\u00f4i bi\u1ebft khi n\u00e0o b\u1ea1n c\u00f3 th\u1ec3 h\u1ed7 tr\u1ee3 \u0111\u01b0\u1ee3c. Ngo\u00e0i ra, ch\u00fang t\u00f4i s\u1ebd g\u1eedi cho b\u1ea1n &#8220;B\u1ea3n tin h\u1ed7 tr\u1ee3&#8221; c\u00f3 ch\u1ee9a th\u00f4ng tin ho\u1ea1t \u0111\u1ed9ng c\u1ee7a Kocoforre v\u00e0 nh\u1eefng th\u00f4ng tin h\u1eefu \u00edch trong vi\u1ec7c h\u1ed7 tr\u1ee3 ng\u01b0\u1eddi n\u01b0\u1edbc ngo\u00e0i, th\u00f4ng tin c\u00e1c h\u1ed9i th\u1ea3o li\u00ean quan \u0111\u1ebfn vi\u1ec7c c\u1ed9ng sinh \u0111a v\u0103n h\u00f3a.<\/p>\n<h3 class=\"style3b\" style=\"border-top-color: #000000;\"><a id=\"supporter-4\"><\/a>Th\u00f4ng tin kh\u00e1c<\/h3>\n<ul>\n<li>C\u00e1c ho\u1ea1t \u0111\u1ed9ng h\u1ed7 tr\u1ee3 \u0111\u01b0\u1ee3c th\u1ef1c hi\u1ec7n tr\u00ean c\u01a1 s\u1edf t\u00ecnh nguy\u1ec7n n\u00ean v\u1ec1 ch\u00fang t\u00f4i kh\u00f4ng tr\u1ea3 th\u00f9 lao nh\u01b0ng ch\u00fang t\u00f4i s\u1ebd thanh to\u00e1n chi ph\u00ed \u0111i l\u1ea1i.<\/li>\n<li>Ch\u00fang t\u00f4i d\u1ef1 \u0111\u1ecbnh t\u1ed5 ch\u1ee9c m\u1ed9t bu\u1ed5i \u0111\u00e0o t\u1ea1o cho c\u1ed9ng t\u00e1c vi\u00ean 1 n\u0103m 1 l\u1ea7n.<\/li>\n<\/ul>\n<p><a class=\"q_button bt_blue\" href=\"https:\/\/kccfr.jp\/wp-content\/uploads\/2023\/10\/62ae19dab03095c71cdb091c506c6dc5.pdf\" target=\"_blank\" rel=\"noopener\">\u21d2 Kh\u00e1i qu\u00e1t ch\u1ebf \u0111\u1ed9 c\u1ee7a c\u1ed9ng t\u00e1c vi\u00ean c\u1ee7a Trung t\u00e2m t\u01b0 v\u1ea5n v\u1ec1 cu\u1ed9c s\u1ed1ng cho ng\u01b0\u1eddi n\u01b0\u1edbc ngo\u00e0i t\u1ec9nh Kochi\u3010PDF\u3011<\/a><\/p>\n<p>\u3007\u0110\u01a1n \u0111\u0103ng k\u00fd tr\u1edf th\u00e0nh c\u1ed9ng t\u00e1c vi\u00ean\u2193<br \/>\n<a class=\"q_button bt_blue\" href=\"https:\/\/kccfr.jp\/wp-content\/uploads\/2023\/10\/ed1e8f4d0f87bb5c533d208c985b112d.pdf\" target=\"_blank\" rel=\"noopener\">\u21d2 \u0110\u01a1n \u0111\u0103ng k\u00fd tr\u1edf th\u00e0nh c\u1ed9ng t\u00e1c vi\u00ean\u3010PDF\u3011 <\/a><\/p>\n<p>&nbsp;<\/p>\n<h3 class=\"style3b\" style=\"border-top-color: #000000;\"><a id=\"supporter-5\"><\/a>Quy tr\u00ecnh ho\u1ea1t \u0111\u1ed9ng c\u1ee7a c\u1ed9ng t\u00e1c vi\u00ean<\/h3>\n<p>B\u1ea1n s\u1ebd nh\u1eadn th\u00f4ng tin t\u1eeb Kocoforre v\u00e0 ti\u1ebfn h\u00e0nh c\u00e1c ho\u1ea1t \u0111\u1ed9ng h\u1ed7 tr\u1ee3.<br \/>\nQuy tr\u00ecnh ho\u1ea1t \u0111\u1ed9ng nh\u01b0 d\u01b0\u1edbi \u0111\u00e2y. Ch\u00fang t\u00f4i c\u1ea7n x\u00e1c nh\u1eadn n\u1ed9i dung c\u00f4ng vi\u1ec7c v\u00e0 chi ph\u00ed \u0111i l\u1ea1i n\u00ean sau khi k\u1ebft th\u00fac vi\u1ec7c h\u1ed7 tr\u1ee3, b\u1ea1n h\u00e3y nhanh ch\u00f3ng vi\u1ebft b\u00e1o c\u00e1o ho\u1ea1t \u0111\u1ed9ng h\u1ed7 tr\u1ee3 (k\u00e8m theo h\u00f3a \u0111\u01a1n chi ph\u00ed \u0111i l\u1ea1i) v\u00e0 n\u1ed9p cho Kocoforre.<\/p>\n<p><strong>\u2460 Kocoforre s\u1ebd g\u1eedi mail \u0111\u1ed3ng lo\u1ea1t cho nh\u1eefng ng\u01b0\u1eddi ph\u00f9 h\u1ee3p d\u1ef1a tr\u00ean \u0111\u1ecba ch\u1ec9 v\u00e0 ng\u00f4n ng\u1eef m\u00e0 c\u1ed9ng t\u00e1c vi\u00ean \u0111\u00e3 \u0111\u0103ng k\u00fd.<\/strong><br \/>\n<img decoding=\"async\" class=\"size-full wp-image-3847 alignnone\" src=\"https:\/\/kccfr.jp\/wp-content\/uploads\/2024\/02\/7f1858c1b7529a71411d345073811142.png\" alt=\"\" width=\"600\" \/><\/p>\n<p><strong>\u2461 N\u1ebfu b\u1ea1n c\u00f3 th\u1ec3 h\u1ed7 tr\u1ee3, h\u00e3y tr\u1ea3 l\u1eddi email c\u1ee7a Kocoforre (n\u1ebfu b\u1ea1n kh\u00f4ng th\u1ec3 h\u1ed7 tr\u1ee3 th\u00ec kh\u00f4ng c\u1ea7n tr\u1ea3 l\u1eddi). N\u1ebfu c\u00f3 nhi\u1ec1u ng\u01b0\u1eddi c\u00f3 th\u1ec3 h\u1ed7 tr\u1ee3, Kocoforre s\u1ebd ch\u1ecdn ng\u01b0\u1eddi ph\u00f9 h\u1ee3p. Sau \u0111\u00f3, ch\u00fang t\u00f4i s\u1ebd th\u00f4ng b\u00e1o n\u1ed9i dung chi ti\u1ebft cho c\u1ed9ng t\u00e1c vi\u00ean.<\/strong><br \/>\n<img decoding=\"async\" class=\"size-full wp-image-3846 alignnone\" src=\"https:\/\/kccfr.jp\/wp-content\/uploads\/2023\/10\/32e1b801d67445cd622528c286260121.png\" alt=\"\" width=\"600\" \/><\/p>\n<p><strong>\u2462 Ti\u1ebfn h\u00e0nh h\u1ed7 tr\u1ee3.<\/strong><br \/>\n<img decoding=\"async\" class=\"size-full wp-image-3848 alignnone\" src=\"https:\/\/kccfr.jp\/wp-content\/uploads\/2023\/10\/9dabb2b3b24000d75f5c7d0c794aee46.png\" alt=\"\" width=\"800\" \/><\/p>\n<p><strong>\u2463 Sau khi k\u1ebft th\u00fac vi\u1ec7c h\u1ed7 tr\u1ee3, b\u1ea1n h\u00e3y vi\u1ebft &#8220;B\u00e1o c\u00e1o ho\u1ea1t \u0111\u1ed9ng h\u1ed7 tr\u1ee3 (k\u00e8m theo h\u00f3a \u0111\u01a1n chi ph\u00ed \u0111i l\u1ea1i)&#8221; v\u00e0 n\u1ed9p cho Kocoforre.<\/strong><br \/>\n<img decoding=\"async\" class=\"size-full wp-image-3849 alignnone\" src=\"https:\/\/kccfr.jp\/wp-content\/uploads\/2023\/10\/8f1dd4411b5378daeb2c779e0d017631.png\" alt=\"\" width=\"480\" \/><\/p>\n<p><a class=\"q_button bt_blue\" href=\"https:\/\/kccfr.jp\/wp-content\/uploads\/2023\/10\/cf0a07eab8b031212d0847150cc62537.docx\" target=\"_blank\" rel=\"noopener\">\u21d2 B\u00e1o c\u00e1o ho\u1ea1t \u0111\u1ed9ng h\u1ed7 tr\u1ee3 (k\u00e8m h\u00f3a \u0111\u01a1n chi ph\u00ed \u0111i l\u1ea1i)<\/a><\/p>\n<p class=\"well\"><strong>\u25ceTh\u00f4ng tin li\u00ean l\u1ea1c<\/strong><br \/>\nTrung t\u00e2m t\u01b0 v\u1ea5n v\u1ec1 cu\u1ed9c s\u1ed1ng cho ng\u01b0\u1eddi n\u01b0\u1edbc ngo\u00e0i t\u1ec9nh Kochi &#8211; Hi\u1ec7p h\u1ed9i giao l\u01b0u qu\u1ed1c t\u1ebf t\u1ec9nh Kochi (Kocoforre)<br \/>\n\u3012780-0870 T\u1ea7ng 1 t\u00f2a Marunouchi, 4-1-37 Honmachi, Kochi-shi<br \/>\nTel\uff1a088-821-6440 Fax : 088-821-6441\u3000Email : <a href=\"mailto:consultation@kccfr.jp\">consultation@kccfr.jp<\/a><\/p>\n","protected":false},"excerpt":{"rendered":"Trung t\u00e2m t\u01b0 v\u1ea5n v\u1ec1 cu\u1ed9c s\u1ed1ng cho ng\u01b0\u1eddi n\u01b0\u1edbc ngo\u00e0i t\u1ec9nh Kochi (Kocoforre) \u0111ang tuy\u1ec3n &#8220;c\u1ed9ng t\u00e1c vi\u00ean&#8221; h\u1ed7 tr\u1ee3 ng\u01b0\u1eddi n\u01b0\u1edbc ngo\u00e0i ch\u01b0a quen v\u1edbi ti\u1ebfng Nh\u1eadt v\u00e0 cu\u1ed9c s\u1ed1ng \u1edf Nh\u1eadt. T\u1edd r\u01a1i tuy\u1ec3n d\u1ee5ng c\u1ed9ng t\u00e1c vi\u00ean c\u1ee7a Trung t\u00e2m t\u01b0 v\u1ea5n v\u1ec1 cu\u1ed9c s\u1ed1ng cho ng\u01b0\u1eddi n\u01b0\u1edbc ngo\u00e0i t\u1ec9nh Kochi \u26ab\ufe0e C\u00f4ng vi\u1ec7c ch\u00ednh c\u1ee7a c\u1ed9ng t\u00e1c vi\u00ean \u26ab\ufe0e Nh\u1eefng ng\u01b0\u1eddi c\u00f3 th\u1ec3 \u0111\u0103ng k\u00fd tr\u1edf th\u00e0nh c\u1ed9ng t\u00e1c vi\u00ean \u26ab\ufe0e C\u00e1ch \u0111\u0103ng k\u00fd l\u00e0m c\u1ed9ng t\u00e1c vi\u00ean \u26ab\ufe0e Th\u00f4ng tin kh\u00e1c \u26ab\ufe0e Quy tr\u00ecnh h\u1ecdat \u0111\u1ed9ng c\u1ee7a c\u1ed9ng t\u00e1c vi\u00ean C\u00f4ng vi\u1ec7c ch\u00ednh c\u1ee7a c\u1ed9ng t\u00e1c vi\u00ean \u2460 H\u1ed7 tr\u1ee3 t\u1eadn t\u00ecnh Khi ng\u01b0\u1eddi [&hellip;]","protected":false},"author":1,"featured_media":0,"parent":0,"menu_order":0,"comment_status":"closed","ping_status":"closed","template":"","meta":{"footnotes":""},"class_list":["post-991","page","type-page","status-publish","hentry"],"_links":{"self":[{"href":"https:\/\/kccfr.jp\/vn\/wp-json\/wp\/v2\/pages\/991","targetHints":{"allow":["GET"]}}],"collection":[{"href":"https:\/\/kccfr.jp\/vn\/wp-json\/wp\/v2\/pages"}],"about":[{"href":"https:\/\/kccfr.jp\/vn\/wp-json\/wp\/v2\/types\/page"}],"author":[{"embeddable":true,"href":"https:\/\/kccfr.jp\/vn\/wp-json\/wp\/v2\/users\/1"}],"replies":[{"embeddable":true,"href":"https:\/\/kccfr.jp\/vn\/wp-json\/wp\/v2\/comments?post=991"}],"version-history":[{"count":2,"href":"https:\/\/kccfr.jp\/vn\/wp-json\/wp\/v2\/pages\/991\/revisions"}],"predecessor-version":[{"id":993,"href":"https:\/\/kccfr.jp\/vn\/wp-json\/wp\/v2\/pages\/991\/revisions\/993"}],"wp:attachment":[{"href":"https:\/\/kccfr.jp\/vn\/wp-json\/wp\/v2\/media?parent=991"}],"curies":[{"name":"wp","href":"https:\/\/api.w.org\/{rel}","templated":true}]}}