{"id":997,"date":"2024-08-08T11:16:41","date_gmt":"2024-08-08T02:16:41","guid":{"rendered":"https:\/\/kccfr.jp\/vn\/?page_id=997"},"modified":"2025-04-18T10:51:14","modified_gmt":"2025-04-18T01:51:14","slug":"consultation","status":"publish","type":"page","link":"https:\/\/kccfr.jp\/vn\/consultation\/","title":{"rendered":"T\u01b0 v\u1ea5n"},"content":{"rendered":"<p><strong>B\u1ea1n c\u00f3 th\u1ec3 nh\u1eadn t\u01b0 v\u1ea5n t\u1eeb Kocoforre th\u00f4ng qua nhi\u1ec1u h\u00ecnh th\u1ee9c nh\u01b0 t\u01b0 v\u1ea5n tr\u1ef1c ti\u1ebfp t\u1ea1i v\u0103n ph\u00f2ng, qua \u0111i\u1ec7n tho\u1ea1i, qua fax, qua email, qua m\u1eabu t\u01b0 v\u1ea5n tr\u00ean trang web.<br \/>\nVi\u1ec7c t\u01b0 v\u1ea5n ho\u00e0n to\u00e0n mi\u1ec5n ph\u00ed. Ch\u00fang t\u00f4i s\u1ebd b\u1ea3o m\u1eadt th\u00f4ng tin. B\u1ea1n h\u00e3y y\u00ean t\u00e2m v\u00e0 li\u00ean l\u1ea1c v\u1edbi ch\u00fang t\u00f4i.<\/strong><\/p>\n<p class=\"well3\"><strong>V\u1ec1 vi\u1ec7c t\u01b0 v\u1ea5n b\u1eb1ng ti\u1ebfng n\u01b0\u1edbc ngo\u00e0i<\/strong><br \/>\nHi\u1ec7n t\u1ea1i ch\u00fang t\u00f4i \u0111ang h\u1ed7 tr\u1ee3 b\u1eb1ng 21 ng\u00f4n ng\u1eef (bao g\u1ed3m c\u1ea3 d\u1ecbch v\u1ee5 phi\u00ean d\u1ecbch qua \u0111i\u1ec7n tho\u1ea1i b\u1edfi b\u00ean th\u1ee9 ba). Nh\u00e2n vi\u00ean t\u01b0 v\u1ea5n th\u01b0\u1eddng tr\u1ef1c s\u1ebd tr\u1ef1c ti\u1ebfp h\u1ed7 tr\u1ee3 b\u1ea1n b\u1eb1ng ti\u1ebfng Anh. Phi\u00ean d\u1ecbch vi\u00ean ti\u1ebfng Trung, ti\u1ebfng Indonesia, ti\u1ebfng Vi\u1ec7t s\u1ebd l\u00e0m vi\u1ec7c 1 ng\u00e0y trong tu\u1ea7n (\u2192L\u1ecbch tr\u1ef1c c\u1ee7a phi\u00ean d\u1ecbch vi\u00ean). Khi kh\u00f4ng c\u00f3 phi\u00ean d\u1ecbch vi\u00ean th\u00ec b\u1ea1n c\u00f3 th\u1ec3 s\u1eed d\u1ee5ng d\u1ecbch v\u1ee5 phi\u00ean d\u1ecbch qua \u0111i\u1ec7n tho\u1ea1i. Vi\u1ec7c s\u1eed d\u1ee5ng phi\u00ean d\u1ecbch c\u0169ng ho\u00e0n to\u00e0n mi\u1ec5n ph\u00ed.<\/p>\n<ul style=\"list-style-type: disc\">\n<li><strong>T\u01b0 v\u1ea5n tr\u1ef1c ti\u1ebfp (9:00~17:00 t\u1eeb th\u1ee9 hai \u0111\u1ebfn th\u1ee9 b\u1ea3y)<\/strong><br \/>\nB\u1ea1n kh\u00f4ng c\u1ea7n h\u1eb9n tr\u01b0\u1edbc nh\u01b0ng n\u1ebfu b\u1ea1n h\u1eb9n tr\u01b0\u1edbc th\u00ec ch\u00fang t\u00f4i c\u00f3 th\u1ec3 h\u1ed7 tr\u1ee3 t\u1ed1t h\u01a1n. Ngo\u00e0i ra, ch\u00fang t\u00f4i s\u1ebd \u01b0u ti\u00ean h\u1ed7 tr\u1ee3 nh\u1eefng ng\u01b0\u1eddi \u0111\u00e3 h\u1eb9n tr\u01b0\u1edbc.<\/li>\n<li><strong>\u0110i\u1ec7n tho\u1ea1i (9:00~17:00 t\u1eeb th\u1ee9 hai \u0111\u1ebfn th\u1ee9 b\u1ea3y)<\/strong>\u3000<a href=\"tel:0888216440\"><strong style=\"font-size: 130%\">088-821-6440<\/strong><\/a><br \/>\n\u203bN\u1ebfu b\u1ea1n c\u1ea7n phi\u00ean d\u1ecbch, h\u00e3y cho ch\u00fang t\u00f4i bi\u1ebft ng\u00f4n ng\u1eef m\u00e0 b\u1ea1n mu\u1ed1n phi\u00ean d\u1ecbch.<\/li>\n<li><strong>FAX (b\u1ea5t c\u1ee9 khi n\u00e0o)\u3000088-821-6441<br \/>\n<\/strong>\u203bB\u1ea1n h\u00e3y vi\u1ebft n\u1ed9i dung c\u1ea7n t\u01b0 v\u1ea5n v\u00e0 th\u00f4ng tin li\u00ean l\u1ea1c c\u1ee7a b\u1ea1n.<\/li>\n<li><strong>Email \/ M\u1eabu t\u01b0 v\u1ea5n (b\u1ea5t c\u1ee9 khi n\u00e0o)<\/strong><br \/>\n\u203bN\u1ebfu b\u1ea1n g\u1eedi th\u00f4ng tin b\u1eb1ng ti\u1ebfng n\u01b0\u1edbc ngo\u00e0i, c\u00f3 th\u1ec3 ch\u00fang t\u00f4i s\u1ebd s\u1eed d\u1ee5ng ch\u1ee9c n\u0103ng d\u1ecbch t\u1ef1 \u0111\u1ed9ng \u0111\u1ec3 tr\u1ea3 l\u1eddi b\u1ea1n.<br \/>\n<a href=\"mailto:consultation@kccfr.jp\"><strong style=\"font-size: 130%\">E-mail: consultation@kccfr.jp<\/strong><\/a><\/li>\n<\/ul>\n<p><a class=\"q_button bt_blue\" href=\"https:\/\/kccfr.jp\/vn\/consultation-mailform\/\">\u21d2 M\u1eabu n\u1ed9i dung t\u01b0 v\u1ea5n<\/a><\/p>\n<hr \/>\n<p><strong>Ngo\u00e0i ra, ch\u00fang t\u00f4i c\u0169ng t\u1ed5 ch\u1ee9c c\u00e1c bu\u1ed5i t\u01b0 v\u1ea5n ph\u00e1p l\u00fd v\u00e0 \u0111i t\u01b0 v\u1ea5n t\u1ea1i m\u1ed9t s\u1ed1 \u0111\u1ecba \u0111i\u1ec3m. Vui l\u00f2ng ki\u1ec3m tra n\u1ed9i dung d\u01b0\u1edbi \u0111\u00e2y \u0111\u1ec3 bi\u1ebft th\u00f4ng tin chi ti\u1ebft.<\/strong><\/p>\n<p class=\"well2\">\u26ab\ufe0e <a href=\"#consultation-1\">C\u00e1c bu\u1ed5i t\u01b0 v\u1ea5n kh\u00f4ng th\u01b0\u1eddng xuy\u00ean t\u1ea1i m\u1ed9t s\u1ed1 \u0111\u1ecba \u0111i\u1ec3m<\/a><br \/>\n\u26ab\ufe0e <a href=\"#consultation-2\">Tu\u1ea7n t\u01b0 v\u1ea5n ph\u00e1p lu\u1eadt mi\u1ec5n ph\u00ed d\u00e0nh cho ng\u01b0\u1eddi n\u01b0\u1edbc ngo\u00e0i<\/a><br \/>\n\u26ab\ufe0e <a href=\"#consultation-3\">\u0110\u1ecba \u0111i\u1ec3m t\u01b0 v\u1ea5n c\u1ee7a trung t\u00e2m h\u1ed7 tr\u1ee3 ph\u00e1p lu\u1eadt<\/a><br \/>\n\u26ab\ufe0e <a href=\"#consultation-4\">Bu\u1ed5i t\u01b0 v\u1ea5n online<\/a><br \/>\n\u26ab\ufe0e <a href=\"#consultation-5\">\u0110\u1ebfn th\u0103m doanh nghi\u1ec7p (Giao l\u01b0u c\u00f9ng Kocoforre)<\/a><\/p>\n<p>&nbsp;<\/p>\n<h3 id=\"consultation_2\" class=\"style3b\" style=\"border-top-color: #000000\"><a id=\"consultation-1\"><\/a>C\u00e1c bu\u1ed5i t\u01b0 v\u1ea5n kh\u00f4ng th\u01b0\u1eddng xuy\u00ean t\u1ea1i m\u1ed9t s\u1ed1 \u0111\u1ecba \u0111i\u1ec3m<\/h3>\n<p>H\u00e0ng n\u0103m, Kocoforre s\u1ebd t\u1ed5 ch\u1ee9c m\u1ed9t s\u1ed1 bu\u1ed5i t\u01b0 v\u1ea5n \u1edf c\u00e1c khu v\u1ef1c kh\u00e1c nhau trong t\u1ec9nh \u0111\u1ec3 t\u01b0 v\u1ea5n cho ng\u01b0\u1eddi n\u01b0\u1edbc ngo\u00e0i ho\u1eb7c c\u00e1c c\u00e1 nh\u00e2n v\u00e0 doanh nghi\u1ec7p c\u00f3 li\u00ean quan \u0111\u1ebfn ng\u01b0\u1eddi n\u01b0\u1edbc ngo\u00e0i. Nh\u00e2n vi\u00ean c\u1ee7a C\u1ee5c qu\u1ea3n l\u00fd xu\u1ea5t nh\u1eadp c\u1ea3nh Takamatsu s\u1ebd c\u00f9ng \u0111i v\u1edbi Kocoforre \u0111\u1ec3 t\u01b0 v\u1ea5n v\u1ec1 t\u01b0 c\u00e1ch l\u01b0u tr\u00fa. Ngo\u00e0i ra, nh\u00e2n vi\u00ean c\u1ee7a Kocoforre s\u1ebd ti\u1ebfp nh\u1eadn t\u01b0 v\u1ea5n v\u1ec1 m\u1ecdi m\u1eb7t trong cu\u1ed9c s\u1ed1ng, h\u1ed7 tr\u1ee3 ng\u01b0\u1eddi n\u01b0\u1edbc ngo\u00e0i sinh s\u1ed1ng trong t\u1ec9nh.<\/p>\n<table style=\"border-collapse: collapse;width: 100%\">\n<thead>\n<tr>\n<td style=\"width: 80px\"><\/td>\n<th><strong>T\u01b0 v\u1ea5n li\u00ean quan \u0111\u1ebfn t\u01b0 c\u00e1ch l\u01b0u tr\u00fa<\/strong><\/th>\n<th><strong>T\u01b0 v\u1ea5n \u0111\u1eddi s\u1ed1ng cho ng\u01b0\u1eddi n\u01b0\u1edbc ngo\u00e0i<\/strong><\/th>\n<\/tr>\n<\/thead>\n<tbody>\n<tr>\n<th><strong>Ti\u1ebfp nh\u1eadn t\u01b0 v\u1ea5n<\/strong><\/th>\n<td>C\u1ee5c qu\u1ea3n l\u00fd xu\u1ea5t nh\u1eadp c\u1ea3nh Takamatsu<\/td>\n<td>Nh\u00e2n vi\u00ean t\u01b0 v\u1ea5n c\u1ee7a Trung t\u00e2m t\u01b0 v\u1ea5n cu\u1ed9c s\u1ed1ng cho ng\u01b0\u1eddi n\u01b0\u1edbc ngo\u00e0i \u1edf t\u1ec9nh Kochi<\/td>\n<\/tr>\n<tr>\n<th><strong>N\u1ed9i dung t\u01b0 v\u1ea5n<\/strong><\/th>\n<td>T\u01b0 c\u00e1ch l\u01b0u tr\u00fa v\u00e0 vi\u1ec7c l\u00e0m c\u1ee7a ng\u01b0\u1eddi n\u01b0\u1edbc ngo\u00e0i, thay \u0111\u1ed5i &#8211; gia h\u1ea1n t\u01b0 c\u00e1ch l\u01b0u tr\u00fa, k\u1ef9 n\u0103ng \u0111\u1eb7c \u0111\u1ecbnh, v\u0129nh tr\u00fa, ho\u1ea1t \u0111\u1ed9ng ngo\u00e0i t\u01b0 c\u00e1ch l\u01b0u tr\u00fa, \u0111\u00f3n gia \u0111\u00ecnh sang v.v.<\/td>\n<td>Vi\u1ec7c l\u00e0m &#8211; lao \u0111\u1ed9ng, b\u1ea3o hi\u1ec3m x\u00e3 h\u1ed9i &#8211; h\u01b0u tr\u00ed, y t\u1ebf, k\u1ebft h\u00f4n &#8211; ly h\u00f4n, nh\u00e0 \u1edf, gi\u00e1o d\u1ee5c, b\u1eb1ng l\u00e1i xe, h\u1ecdc ti\u1ebfng Nh\u1eadt, v\u1ea5n \u0111\u1ec1 r\u1eafc r\u1ed1i, v.v.<\/td>\n<\/tr>\n<tr>\n<th><strong>H\u1eb9n tr\u01b0\u1edbc<\/strong><\/th>\n<td>C\u1ea7n h\u1eb9n tr\u01b0\u1edbc<\/td>\n<td>Kh\u00f4ng c\u1ea7n h\u1eb9n tr\u01b0\u1edbc \u3010\u01afu ti\u00ean ng\u01b0\u1eddi c\u00f3 h\u1eb9n tr\u01b0\u1edbc\u3011<\/td>\n<\/tr>\n<tr>\n<th><strong>Ph\u00ed t\u01b0 v\u1ea5n<\/strong><\/th>\n<td style=\"text-align: center\" colspan=\"2\">Mi\u1ec5n ph\u00ed<\/td>\n<\/tr>\n<tr>\n<th><strong>Ng\u00f4n ng\u1eef<\/strong><\/th>\n<td colspan=\"2\">Ti\u1ebfng Nh\u1eadt, ti\u1ebfng Anh, c\u00e1c ti\u1ebfng kh\u00e1c<br \/>\n(Khi t\u01b0 v\u1ea5n b\u1eb1ng ti\u1ebfng n\u01b0\u1edbc ngo\u00e0i, c\u00f3 th\u1ec3 s\u1ebd c\u00f3 phi\u00ean d\u1ecbch vi\u00ean ho\u1eb7c d\u1ecbch v\u1ee5 phi\u00ean d\u1ecbch qua \u0111i\u1ec7n tho\u1ea1i)<\/td>\n<\/tr>\n<\/tbody>\n<\/table>\n<p><img decoding=\"async\" class=\"aligncenter size-full wp-image-4144\" src=\"https:\/\/kccfr.jp\/wp-content\/uploads\/2024\/02\/dfa541909e2aab5dc7764cb165f2bf79.png\" alt=\"\" width=\"480\" \/><\/p>\n<p><strong>V\u1ec1 l\u1ecbch t\u01b0 v\u1ea5n, h\u00e3y tham kh\u1ea3o trang &#8220;Th\u00f4ng b\u00e1o&#8221;.<\/strong><\/p>\n<p><a class=\"q_button bt_blue\" href=\"https:\/\/kccfr.jp\/vn\/category\/soudankai\/\">\u21d2 \u0110\u1ebfn trang Th\u00f4ng b\u00e1o<\/a><\/p>\n<div class=\"post_row\">\n<div class=\"post_col post_col-2\"><img loading=\"lazy\" decoding=\"async\" class=\"aligncenter size-full wp-image-3888\" src=\"https:\/\/kccfr.jp\/wp-content\/uploads\/2023\/11\/cadc0724a8ce91a1ef055bd787b32d79.jpg\" alt=\"\" width=\"640\" height=\"480\" \/><\/div>\n<div class=\"post_col post_col-2\"><img loading=\"lazy\" decoding=\"async\" class=\"aligncenter size-full wp-image-3889\" src=\"https:\/\/kccfr.jp\/wp-content\/uploads\/2023\/11\/dc0c53abe25bce285073bcda0c2bbe82.jpg\" alt=\"\" width=\"640\" height=\"480\" \/><\/div>\n<\/div>\n<div class=\"post_row\">\n<div class=\"post_col post_col-2\"><img loading=\"lazy\" decoding=\"async\" class=\"aligncenter size-full wp-image-3890\" src=\"https:\/\/kccfr.jp\/wp-content\/uploads\/2023\/11\/72e7d6ebc46811f4948aaa6f588c45f4.jpg\" alt=\"\" width=\"640\" height=\"480\" \/><\/div>\n<div class=\"post_col post_col-2\"><img loading=\"lazy\" decoding=\"async\" class=\"aligncenter size-full wp-image-3891\" src=\"https:\/\/kccfr.jp\/wp-content\/uploads\/2023\/11\/250cc5759ce665eb6469a087e3b891a6.jpg\" alt=\"\" width=\"640\" height=\"480\" \/><\/div>\n<\/div>\n<p>&nbsp;<\/p>\n<h3 id=\"consultation_3\" class=\"style3b\" style=\"border-top-color: #000000\"><a id=\"consultation-2\"><\/a>Tu\u1ea7n t\u01b0 v\u1ea5n ph\u00e1p lu\u1eadt mi\u1ec5n ph\u00ed d\u00e0nh cho ng\u01b0\u1eddi n\u01b0\u1edbc ngo\u00e0i<\/h3>\n<div class=\"post_row\">\n<div class=\"post_col post_col-2\"><img loading=\"lazy\" decoding=\"async\" class=\"aligncenter size-full wp-image-3881\" src=\"https:\/\/kccfr.jp\/wp-content\/uploads\/2023\/11\/710947132850294ad49c997efdb46a99.jpg\" alt=\"\" width=\"640\" height=\"480\" \/><\/div>\n<div class=\"post_col post_col-2\">\n<p>Ng\u01b0\u1eddi n\u01b0\u1edbc ngo\u00e0i v\u00e0 ng\u01b0\u1eddi Nh\u1eadt c\u00f3 li\u00ean quan \u0111\u1ebfn ng\u01b0\u1eddi n\u01b0\u1edbc ngo\u00e0i c\u00f3 th\u1ec3 nh\u1eadn \u0111\u01b0\u1ee3c t\u01b0 v\u1ea5n mi\u1ec5n ph\u00ed t\u1eeb lu\u1eadt s\u01b0 v\u1ec1 c\u00e1c v\u1ea5n \u0111\u1ec1 nh\u01b0 c\u00f4ng vi\u1ec7c (sa th\u1ea3i, ch\u01b0a tr\u1ea3 l\u01b0\u01a1ng v.v.), \u0111\u1eddi s\u1ed1ng (t\u01b0 c\u00e1ch l\u01b0u tr\u00fa, nh\u1eadp t\u1ecbch v.v.), gia \u0111\u00ecnh (ly h\u00f4n, ph\u00e2n chia t\u00e0i s\u1ea3n v.v.) (Kh\u00f4ng ti\u1ebfp nh\u1eadn t\u01b0 v\u1ea5n t\u1eeb c\u00e1c t\u1ed5 ch\u1ee9c, doanh nghi\u1ec7p).<\/p>\n<p><a class=\"q_button bt_blue\" href=\"https:\/\/kccfr.jp\/vn\/category\/houritsu\/\">\u21d2 \u0110\u1ebfn trang Th\u00f4ng b\u00e1o<\/a><\/p>\n<\/div>\n<\/div>\n<h3 id=\"consultation_4\" class=\"style3b\" style=\"border-top-color: #000000\"><a id=\"consultation-3\"><\/a>\u0110\u1ecba \u0111i\u1ec3m t\u01b0 v\u1ea5n c\u1ee7a trung t\u00e2m h\u1ed7 tr\u1ee3 ph\u00e1p lu\u1eadt<\/h3>\n<p>Ng\u00e0y 15\/12\/2022, Kocoforre \u0111\u00e3 tr\u1edf th\u00e0nh \u0111\u1ecba \u0111i\u1ec3m t\u01b0 v\u1ea5n c\u1ee7a trung t\u00e2m h\u1ed7 tr\u1ee3 ph\u00e1p lu\u1eadt. B\u1ea1n c\u00f3 th\u1ec3 nh\u1eadn t\u01b0 v\u1ea5n mi\u1ec5n ph\u00ed t\u1eeb lu\u1eadt s\u01b0 t\u1ea1i Kocoforre. B\u1ea1n c\u00f3 th\u1ec3 nh\u1eadn \u0111\u01b0\u1ee3c t\u1ed1i \u0111a 3 l\u1ea7n t\u01b0 v\u1ea5n ph\u00e1p l\u00fd mi\u1ec5n ph\u00ed n\u1ebfu \u0111\u00e1p \u1ee9ng c\u00e1c \u0111i\u1ec1u ki\u1ec7n v\u1ec1 t\u00e0i ch\u00ednh nh\u01b0 thu nh\u1eadp v\u00e0 kho\u1ea3n ti\u1ec1n ti\u1ebft ki\u1ec7m.<\/p>\n<p><a class=\"q_button bt_blue\" href=\"https:\/\/kccfr.jp\/vn\/wp-content\/uploads\/sites\/6\/2025\/04\/0e4d30f7c0cd5f50b92417080c911a04.pdf\">\u21d2 Th\u00f4ng tin chi ti\u1ebft (PDF)<\/a><\/p>\n<h3 id=\"consultation_5\" class=\"style3b\" style=\"border-top-color: #000000\"><a id=\"consultation-4\"><\/a>Bu\u1ed5i t\u01b0 v\u1ea5n online<\/h3>\n<p>G\u1eedi t\u1edbi c\u00f4ng ch\u1ee9c c\u1ee7a c\u00e1c \u0111\u1ecba ph\u01b0\u01a1ng<\/p>\n<p>Kocoforre c\u00f3 th\u1ec3 t\u01b0 v\u1ea5n tr\u1ef1c tuy\u1ebfn (qua ZOOM). Khi ng\u01b0\u1eddi n\u01b0\u1edbc ngo\u00e0i g\u1eb7p kh\u00f3 kh\u0103n v\u1edbi c\u00e1c th\u00f4ng b\u00e1o, h\u1ed3 s\u01a1 xin x\u00e9t duy\u1ec7t t\u1eeb ch\u00ednh quy\u1ec1n \u0111\u1ecba ph\u01b0\u01a1ng, th\u01b0 t\u1eeb tr\u01b0\u1eddng h\u1ecdc, v.v., ngo\u00e0i vi\u1ec7c t\u01b0 v\u1ea5n qua \u0111i\u1ec7n tho\u1ea1i th\u00f4ng th\u01b0\u1eddng, ch\u00fang t\u00f4i c\u00f3 th\u1ec3 t\u01b0 v\u1ea5n tr\u1ef1c tuy\u1ebfn. N\u1ebfu ng\u01b0\u1eddi n\u01b0\u1edbc ngo\u00e0i (ng\u01b0\u1eddi xin t\u01b0 v\u1ea5n) \u0111\u1ebfn v\u0103n ph\u00f2ng c\u1ee7a ch\u00ednh quy\u1ec1n \u0111\u1ecba ph\u01b0\u01a1ng, h\u00e3y g\u1ecdi cho Kocoforre tr\u01b0\u1edbc.<br \/>\n<a href=\"tel:0888216440\"><strong style=\"font-size: 130%\">TEL 088-821-6440<\/strong><\/a><\/p>\n<p>\u203bN\u1ebfu b\u1ea1n mu\u1ed1n bi\u1ebft r\u00f5 h\u01a1n v\u1ec1 ti\u1ebfn tr\u00ecnh c\u1ee7a &#8220;Bu\u1ed5i t\u01b0 v\u1ea5n online&#8221;, h\u00e3y tham kh\u1ea3o th\u00f4ng tin n\u00e0y.<\/p>\n<p><a class=\"q_button bt_blue\" href=\"https:\/\/kccfr.jp\/wp-content\/uploads\/2023\/11\/95792236c92f1790ddaa60f398cbc14b.pdf\" target=\"_blank\" rel=\"noopener\">\u21d2 Ti\u1ebfn tr\u00ecnh c\u1ee7a bu\u1ed5i t\u01b0 v\u1ea5n online (PDF)<\/a><\/p>\n<p>&nbsp;<\/p>\n<h3 id=\"consultation_6\" class=\"style3b\" style=\"border-top-color: #000000\"><a id=\"consultation-5\"><\/a>\u0110\u1ebfn th\u0103m doanh nghi\u1ec7p (Giao l\u01b0u c\u00f9ng Kocoforre)<\/h3>\n<p>Kocoforre s\u1ebd \u0111\u1ebfn th\u0103m c\u00e1c doanh nghi\u1ec7p c\u00f3 ng\u01b0\u1eddi n\u01b0\u1edbc ngo\u00e0i \u0111ang l\u00e0m vi\u1ec7c v\u00e0 t\u1ed5 ch\u1ee9c c\u00e1c bu\u1ed5i tr\u00f2 chuy\u1ec7n.<br \/>\nTrong nh\u1eefng bu\u1ed5i tr\u00f2 chuy\u1ec7n n\u00e0y, ch\u00fang t\u00f4i gi\u1edbi thi\u1ec7u v\u1ec1 t\u1ec9nh Kochi, gi\u1ea3i th\u00edch v\u1ec1 ng\u01b0\u1eddi n\u01b0\u1edbc ngo\u00e0i t\u1ea1i t\u1ec9nh Kochi cho nh\u00e2n vi\u00ean ng\u01b0\u1eddi n\u01b0\u1edbc ngo\u00e0i, sau \u0111\u00f3 t\u1ed5 ch\u1ee9c giao l\u01b0u c\u00f9ng v\u1edbi phi\u00ean d\u1ecbch vi\u00ean. N\u1ebfu b\u1ea1n c\u1ea3m th\u1ea5y lo l\u1eafng ho\u1eb7c c\u00f3 th\u1eafc m\u1eafc v\u1ec1 cu\u1ed9c s\u1ed1ng \u1edf Nh\u1eadt, b\u1ea1n c\u00f3 th\u1ec3 trao \u0111\u1ed5i tho\u1ea3i m\u00e1i v\u1edbi ch\u00fang t\u00f4i.<\/p>\n<p>\u0110\u1ec3 bi\u1ebft th\u00eam th\u00f4ng tin chi ti\u1ebft, h\u00e3y li\u00ean h\u1ec7 v\u1edbi Kocoforre.<br \/>\n<a href=\"tel:0888216440\"><strong style=\"font-size: 130%\">TEL 088-821-6440<\/strong><\/a><br \/>\n<a href=\"mailto:consultation@kccfr.jp\"><strong style=\"font-size: 130%\">E-mail: consultation@kccfr.jp<\/strong><\/a><\/p>\n<p><strong>H\u00ecnh \u1ea3nh \u0111\u1ebfn th\u0103m doanh nghi\u1ec7p<\/strong><\/p>\n<div class=\"post_row\">\n<div class=\"post_col post_col-2\"><img loading=\"lazy\" decoding=\"async\" class=\"aligncenter size-full wp-image-3873\" src=\"https:\/\/kccfr.jp\/wp-content\/uploads\/2024\/02\/2a9880d4153425ee8002bfa3d44457a0.jpg\" alt=\"\" width=\"800\" height=\"600\" \/><\/div>\n<div class=\"post_col post_col-2\"><img loading=\"lazy\" decoding=\"async\" class=\"aligncenter size-full wp-image-3874\" src=\"https:\/\/kccfr.jp\/wp-content\/uploads\/2024\/02\/46575becbec5d5909d30ea67a7b5fb90.jpg\" alt=\"\" width=\"800\" height=\"600\" \/><\/div>\n<\/div>\n","protected":false},"excerpt":{"rendered":"B\u1ea1n c\u00f3 th\u1ec3 nh\u1eadn t\u01b0 v\u1ea5n t\u1eeb Kocoforre th\u00f4ng qua nhi\u1ec1u h\u00ecnh th\u1ee9c nh\u01b0 t\u01b0 v\u1ea5n tr\u1ef1c ti\u1ebfp t\u1ea1i v\u0103n ph\u00f2ng, qua \u0111i\u1ec7n tho\u1ea1i, qua fax, qua email, qua m\u1eabu t\u01b0 v\u1ea5n tr\u00ean trang web. Vi\u1ec7c t\u01b0 v\u1ea5n ho\u00e0n to\u00e0n mi\u1ec5n ph\u00ed. Ch\u00fang t\u00f4i s\u1ebd b\u1ea3o m\u1eadt th\u00f4ng tin. B\u1ea1n h\u00e3y y\u00ean t\u00e2m v\u00e0 li\u00ean l\u1ea1c v\u1edbi ch\u00fang t\u00f4i. V\u1ec1 vi\u1ec7c t\u01b0 v\u1ea5n b\u1eb1ng ti\u1ebfng n\u01b0\u1edbc ngo\u00e0i Hi\u1ec7n t\u1ea1i ch\u00fang t\u00f4i \u0111ang h\u1ed7 tr\u1ee3 b\u1eb1ng 21 ng\u00f4n ng\u1eef (bao g\u1ed3m c\u1ea3 d\u1ecbch v\u1ee5 phi\u00ean d\u1ecbch qua \u0111i\u1ec7n tho\u1ea1i b\u1edfi b\u00ean th\u1ee9 ba). Nh\u00e2n vi\u00ean t\u01b0 v\u1ea5n th\u01b0\u1eddng tr\u1ef1c s\u1ebd tr\u1ef1c ti\u1ebfp h\u1ed7 tr\u1ee3 b\u1ea1n b\u1eb1ng ti\u1ebfng Anh. Phi\u00ean d\u1ecbch vi\u00ean [&hellip;]","protected":false},"author":1,"featured_media":0,"parent":0,"menu_order":0,"comment_status":"closed","ping_status":"closed","template":"","meta":{"footnotes":""},"class_list":["post-997","page","type-page","status-publish","hentry"],"_links":{"self":[{"href":"https:\/\/kccfr.jp\/vn\/wp-json\/wp\/v2\/pages\/997","targetHints":{"allow":["GET"]}}],"collection":[{"href":"https:\/\/kccfr.jp\/vn\/wp-json\/wp\/v2\/pages"}],"about":[{"href":"https:\/\/kccfr.jp\/vn\/wp-json\/wp\/v2\/types\/page"}],"author":[{"embeddable":true,"href":"https:\/\/kccfr.jp\/vn\/wp-json\/wp\/v2\/users\/1"}],"replies":[{"embeddable":true,"href":"https:\/\/kccfr.jp\/vn\/wp-json\/wp\/v2\/comments?post=997"}],"version-history":[{"count":6,"href":"https:\/\/kccfr.jp\/vn\/wp-json\/wp\/v2\/pages\/997\/revisions"}],"predecessor-version":[{"id":1186,"href":"https:\/\/kccfr.jp\/vn\/wp-json\/wp\/v2\/pages\/997\/revisions\/1186"}],"wp:attachment":[{"href":"https:\/\/kccfr.jp\/vn\/wp-json\/wp\/v2\/media?parent=997"}],"curies":[{"name":"wp","href":"https:\/\/api.w.org\/{rel}","templated":true}]}}